{"id":845,"date":"2025-06-07T09:27:57","date_gmt":"2025-06-07T09:27:57","guid":{"rendered":"https:\/\/nova.estetika-eva.si\/?page_id=845"},"modified":"2026-03-06T15:28:18","modified_gmt":"2026-03-06T15:28:18","slug":"kemicni-piling","status":"publish","type":"page","link":"https:\/\/www.estetika-eva.si\/?page_id=845","title":{"rendered":"Kemi\u010dni piling"},"content":{"rendered":"\t\t<div data-elementor-type=\"wp-page\" data-elementor-id=\"845\" class=\"elementor elementor-845\">\n\t\t\t\t<div class=\"elementor-element elementor-element-b01f72e e-flex e-con-boxed e-con e-parent\" data-id=\"b01f72e\" data-element_type=\"container\" data-e-type=\"container\" data-settings=\"{&quot;background_background&quot;:&quot;classic&quot;}\">\n\t\t\t\t\t<div class=\"e-con-inner\">\n\t\t\t\t<div class=\"elementor-element elementor-element-7301b4c elementor-widget elementor-widget-spacer\" data-id=\"7301b4c\" data-element_type=\"widget\" data-e-type=\"widget\" data-widget_type=\"spacer.default\">\n\t\t\t\t<div class=\"elementor-widget-container\">\n\t\t\t\t\t\t\t<div class=\"elementor-spacer\">\n\t\t\t<div class=\"elementor-spacer-inner\"><\/div>\n\t\t<\/div>\n\t\t\t\t\t\t<\/div>\n\t\t\t\t<\/div>\n\t\t\t\t<div class=\"elementor-element elementor-element-ad30f4e elementor-widget elementor-widget-heading\" data-id=\"ad30f4e\" data-element_type=\"widget\" data-e-type=\"widget\" data-widget_type=\"heading.default\">\n\t\t\t\t<div class=\"elementor-widget-container\">\n\t\t\t\t\t<h2 class=\"elementor-heading-title elementor-size-default\">Kemi\u010dni piling<\/h2>\t\t\t\t<\/div>\n\t\t\t\t<\/div>\n\t\t\t\t<div class=\"elementor-element elementor-element-fac0669 elementor-widget elementor-widget-text-editor\" data-id=\"fac0669\" data-element_type=\"widget\" data-e-type=\"widget\" data-widget_type=\"text-editor.default\">\n\t\t\t\t<div class=\"elementor-widget-container\">\n\t\t\t\t\t\t\t\t\t<p>Kemi\u010dni piling je varen, hiter in u\u010dinkovit postopek za izbolj\u0161anje videza in delovanja ko\u017ee, posvetlitev pigmentacij, glajenje gubic, o\u017eanja por, izbolj\u0161anje tonusa in teksture, spodbudi proizvodnjo kolagena in elastina ter izbolj\u0161ana delovanje ko\u017enih funkcij.<\/p>\t\t\t\t\t\t\t\t<\/div>\n\t\t\t\t<\/div>\n\t\t\t\t<div class=\"elementor-element elementor-element-7494614 elementor-widget-divider--view-line_icon elementor-view-default elementor-widget-divider--element-align-center elementor-widget elementor-widget-divider\" data-id=\"7494614\" data-element_type=\"widget\" data-e-type=\"widget\" data-widget_type=\"divider.default\">\n\t\t\t\t<div class=\"elementor-widget-container\">\n\t\t\t\t\t\t\t<div class=\"elementor-divider\">\n\t\t\t<span class=\"elementor-divider-separator\">\n\t\t\t\t\t\t\t<div class=\"elementor-icon elementor-divider__element\">\n\t\t\t\t\t<svg aria-hidden=\"true\" class=\"e-font-icon-svg e-fas-ellipsis-h\" viewBox=\"0 0 512 512\" xmlns=\"http:\/\/www.w3.org\/2000\/svg\"><path d=\"M328 256c0 39.8-32.2 72-72 72s-72-32.2-72-72 32.2-72 72-72 72 32.2 72 72zm104-72c-39.8 0-72 32.2-72 72s32.2 72 72 72 72-32.2 72-72-32.2-72-72-72zm-352 0c-39.8 0-72 32.2-72 72s32.2 72 72 72 72-32.2 72-72-32.2-72-72-72z\"><\/path><\/svg><\/div>\n\t\t\t\t\t\t<\/span>\n\t\t<\/div>\n\t\t\t\t\t\t<\/div>\n\t\t\t\t<\/div>\n\t\t<div class=\"elementor-element elementor-element-cb4d82a e-grid e-con-full e-con e-child\" data-id=\"cb4d82a\" data-element_type=\"container\" data-e-type=\"container\">\n\t\t\t\t<div class=\"elementor-element elementor-element-5205c84 elementor-widget elementor-widget-text-editor\" data-id=\"5205c84\" data-element_type=\"widget\" data-e-type=\"widget\" data-widget_type=\"text-editor.default\">\n\t\t\t\t<div class=\"elementor-widget-container\">\n\t\t\t\t\t\t\t\t\t<p>Postopek kemi\u010dnega pilinga je kratek in skoraj nebole\u010d, malenkost mote\u010de je lahko lu\u0161\u010denje ko\u017ee, ki nastopi 2-3 dan po postopku in traja nekaj dni. Takrat je ko\u017ea videti slab\u0161e, vse nepravilnosti so \u0161e bolj izra\u017eene, je rde\u010dkasta, se lu\u0161\u010di, mo\u017een je ob\u010dutek srbe\u010dice, je bolj ob\u010dutljiva in potrebno jo je za\u0161\u010dititi pred soncem z SPF 50.<\/p>\t\t\t\t\t\t\t\t<\/div>\n\t\t\t\t<\/div>\n\t\t\t\t<div class=\"elementor-element elementor-element-c3886eb elementor-widget elementor-widget-image\" data-id=\"c3886eb\" data-element_type=\"widget\" data-e-type=\"widget\" data-widget_type=\"image.default\">\n\t\t\t\t<div class=\"elementor-widget-container\">\n\t\t\t\t\t\t\t\t\t\t\t\t\t\t\t<img fetchpriority=\"high\" decoding=\"async\" width=\"300\" height=\"300\" src=\"https:\/\/www.estetika-eva.si\/wp-content\/uploads\/2025\/06\/Kisl_Product-300x300.jpg\" class=\"attachment-medium size-medium wp-image-836\" alt=\"\" srcset=\"https:\/\/www.estetika-eva.si\/wp-content\/uploads\/2025\/06\/Kisl_Product-300x300.jpg 300w, https:\/\/www.estetika-eva.si\/wp-content\/uploads\/2025\/06\/Kisl_Product-1024x1024.jpg 1024w, https:\/\/www.estetika-eva.si\/wp-content\/uploads\/2025\/06\/Kisl_Product-150x150.jpg 150w, https:\/\/www.estetika-eva.si\/wp-content\/uploads\/2025\/06\/Kisl_Product-768x768.jpg 768w, https:\/\/www.estetika-eva.si\/wp-content\/uploads\/2025\/06\/Kisl_Product-1536x1536.jpg 1536w, https:\/\/www.estetika-eva.si\/wp-content\/uploads\/2025\/06\/Kisl_Product-2048x2048.jpg 2048w\" sizes=\"(max-width: 300px) 100vw, 300px\" \/>\t\t\t\t\t\t\t\t\t\t\t\t\t\t\t<\/div>\n\t\t\t\t<\/div>\n\t\t\t\t<\/div>\n\t\t\t\t<div class=\"elementor-element elementor-element-a4169ea elementor-widget elementor-widget-image\" data-id=\"a4169ea\" data-element_type=\"widget\" data-e-type=\"widget\" data-widget_type=\"image.default\">\n\t\t\t\t<div class=\"elementor-widget-container\">\n\t\t\t\t\t\t\t\t\t\t\t\t\t\t\t<img decoding=\"async\" width=\"768\" height=\"768\" src=\"https:\/\/www.estetika-eva.si\/wp-content\/uploads\/2025\/06\/Kisl_Graf-768x768.jpg\" class=\"attachment-medium_large size-medium_large wp-image-837\" alt=\"\" srcset=\"https:\/\/www.estetika-eva.si\/wp-content\/uploads\/2025\/06\/Kisl_Graf-768x768.jpg 768w, https:\/\/www.estetika-eva.si\/wp-content\/uploads\/2025\/06\/Kisl_Graf-300x300.jpg 300w, https:\/\/www.estetika-eva.si\/wp-content\/uploads\/2025\/06\/Kisl_Graf-1024x1024.jpg 1024w, https:\/\/www.estetika-eva.si\/wp-content\/uploads\/2025\/06\/Kisl_Graf-150x150.jpg 150w, https:\/\/www.estetika-eva.si\/wp-content\/uploads\/2025\/06\/Kisl_Graf.jpg 1080w\" sizes=\"(max-width: 768px) 100vw, 768px\" \/>\t\t\t\t\t\t\t\t\t\t\t\t\t\t\t<\/div>\n\t\t\t\t<\/div>\n\t\t\t\t<div class=\"elementor-element elementor-element-8d22b55 elementor-widget elementor-widget-text-editor\" data-id=\"8d22b55\" data-element_type=\"widget\" data-e-type=\"widget\" data-widget_type=\"text-editor.default\">\n\t\t\t\t<div class=\"elementor-widget-container\">\n\t\t\t\t\t\t\t\t\t<p>pred izvedbo postopka, se je potrebno pogovoriti z dermaestetikom.<\/p>\t\t\t\t\t\t\t\t<\/div>\n\t\t\t\t<\/div>\n\t\t\t\t<div class=\"elementor-element elementor-element-eeda72c elementor-widget__width-initial elementor-widget elementor-widget-beaf-slider\" data-id=\"eeda72c\" data-element_type=\"widget\" data-e-type=\"widget\" data-widget_type=\"beaf-slider.default\">\n\t\t\t\t<div class=\"elementor-widget-container\">\n\t\t\t\t\t\n\t\t\t\n\t<style type=\"text\/css\">\n\t\t.slider-info-875.bafg-slider-info .bafg-slider-title {\n\t\t\t\t\t\t\tfont-size:\n\t\t\t\t\t22px\t\t\t\t;\n\t\t\t\n\t\t\t\n\t\t\t\t\t}\n\n\t\t.slider-info-875.bafg-slider-info .bafg-slider-description {\n\t\t\t\n\t\t\t\n\t\t\t\t\t}\n\t\t\n\t\t\n\t\t.slider-info-875.bafg-slider-info .bafg_slider_readmore_button {\n\t\t\t\n\t\t\t\n\t\t\t\n\t\t\t\n\t\t\t\n\t\t\ttext-align: center;\n\n\t\t\t\n\t\t\t\n\t\t\t\n\t\t\t\n\t\t\t\t\t}\n\n\t\t.slider-info-875.bafg-slider-info .bafg_slider_readmore_button:hover {\n\n\t\t\t\n\t\t\t\n\t\t\t\t\t}\n\t<\/style>\n\t\n\t\t\t<div class=\"bafg-twentytwenty-container slider-875  \"\n\t\t\t\tbafg-orientation=\"horizontal\" bafg-default-offset=\"0.5\"\n\t\t\t\tbafg-before-label=\"Before\"\n\t\t\t\tbafg-after-label=\"After\" bafg-overlay=\"1\"\n\t\t\t\tbafg-move-slider-on-hover=\"\"\n\t\t\t\tbafg-click-to-move=\"\">\n\n\t\t\t\t\t\t\t\t<img class=\"skip-lazy\" data-skip-lazy\t\t\t\t\tsrc=\"https:\/\/www.estetika-eva.si\/wp-content\/uploads\/2025\/06\/KislPrej.jpg\" alt=\"\">\n\t\t\t\t<img class=\"skip-lazy\" data-skip-lazy\t\t\t\t\tsrc=\"https:\/\/www.estetika-eva.si\/wp-content\/uploads\/2025\/06\/KislPotem.jpg\" alt=\"\">\n\n\t\t\t<\/div>\n\n\t\t\t\t<div class=\"bafg-slider-info-wraper\">\n\t\t<div style=\"\" class=\"slider-info-875 bafg-slider-info\">\n\t\t\t\t\t<\/div>\n\t<\/div>\n\t\n\t\t\t<style type=\"text\/css\">\n\t\t\t\t\t\t\t\t\t\t\t<\/style>\n\t\t\t\t\t\t\t<\/div>\n\t\t\t\t<\/div>\n\t\t\t\t<div class=\"elementor-element elementor-element-4e0c713 elementor-align-center floating elementor-widget elementor-widget-button\" data-id=\"4e0c713\" data-element_type=\"widget\" data-e-type=\"widget\" id=\"floating\" data-widget_type=\"button.default\">\n\t\t\t\t<div class=\"elementor-widget-container\">\n\t\t\t\t\t\t\t\t\t<div class=\"elementor-button-wrapper\">\n\t\t\t\t\t<a class=\"elementor-button elementor-button-link elementor-size-sm elementor-animation-grow\" href=\"https:\/\/form.lime-booking.com\/sl\/estetika_eva\/service\" target=\"_blank\" id=\"floating\">\n\t\t\t\t\t\t<span class=\"elementor-button-content-wrapper\">\n\t\t\t\t\t\t\t\t\t<span class=\"elementor-button-text\">NARO\u010cI SE<\/span>\n\t\t\t\t\t<\/span>\n\t\t\t\t\t<\/a>\n\t\t\t\t<\/div>\n\t\t\t\t\t\t\t\t<\/div>\n\t\t\t\t<\/div>\n\t\t\t\t\t<\/div>\n\t\t\t\t<\/div>\n\t\t\t\t<\/div>\n\t\t","protected":false},"excerpt":{"rendered":"<p>Kemi\u010dni piling Kemi\u010dni piling je varen, hiter in u\u010dinkovit postopek za izbolj\u0161anje videza in delovanja ko\u017ee, posvetlitev pigmentacij, glajenje gubic, o\u017eanja por, izbolj\u0161anje tonusa in teksture, spodbudi proizvodnjo kolagena in elastina ter izbolj\u0161ana delovanje ko\u017enih funkcij. Postopek kemi\u010dnega pilinga je kratek in skoraj nebole\u010d, malenkost mote\u010de je lahko lu\u0161\u010denje ko\u017ee, ki nastopi 2-3 dan po [&hellip;]<\/p>\n","protected":false},"author":1,"featured_media":0,"parent":0,"menu_order":0,"comment_status":"closed","ping_status":"closed","template":"","meta":{"footnotes":""},"class_list":["post-845","page","type-page","status-publish","hentry"],"yoast_head":"<!-- This site is optimized with the Yoast SEO plugin v27.1.1 - https:\/\/yoast.com\/product\/yoast-seo-wordpress\/ -->\n<title>Kemi\u010dni piling - Estetika Eva<\/title>\n<meta name=\"robots\" content=\"index, follow, max-snippet:-1, max-image-preview:large, max-video-preview:-1\" \/>\n<link rel=\"canonical\" href=\"https:\/\/www.estetika-eva.si\/?page_id=845\" \/>\n<meta property=\"og:locale\" content=\"en_US\" \/>\n<meta property=\"og:type\" content=\"article\" \/>\n<meta property=\"og:title\" content=\"Kemi\u010dni piling - Estetika Eva\" \/>\n<meta property=\"og:description\" content=\"Kemi\u010dni piling Kemi\u010dni piling je varen, hiter in u\u010dinkovit postopek za izbolj\u0161anje videza in delovanja ko\u017ee, posvetlitev pigmentacij, glajenje gubic, o\u017eanja por, izbolj\u0161anje tonusa in teksture, spodbudi proizvodnjo kolagena in elastina ter izbolj\u0161ana delovanje ko\u017enih funkcij. Postopek kemi\u010dnega pilinga je kratek in skoraj nebole\u010d, malenkost mote\u010de je lahko lu\u0161\u010denje ko\u017ee, ki nastopi 2-3 dan po [&hellip;]\" \/>\n<meta property=\"og:url\" content=\"https:\/\/www.estetika-eva.si\/?page_id=845\" \/>\n<meta property=\"og:site_name\" content=\"Estetika Eva\" \/>\n<meta property=\"article:modified_time\" content=\"2026-03-06T15:28:18+00:00\" \/>\n<meta property=\"og:image\" content=\"https:\/\/www.estetika-eva.si\/wp-content\/uploads\/2025\/06\/Kisl_Product-scaled.jpg\" \/>\n\t<meta property=\"og:image:width\" content=\"2560\" \/>\n\t<meta property=\"og:image:height\" content=\"2560\" \/>\n\t<meta property=\"og:image:type\" content=\"image\/jpeg\" \/>\n<meta name=\"twitter:card\" content=\"summary_large_image\" \/>\n<meta name=\"twitter:label1\" content=\"Est. reading time\" \/>\n\t<meta name=\"twitter:data1\" content=\"2 minutes\" \/>\n<script type=\"application\/ld+json\" class=\"yoast-schema-graph\">{\"@context\":\"https:\/\/schema.org\",\"@graph\":[{\"@type\":\"WebPage\",\"@id\":\"https:\/\/www.estetika-eva.si\/?page_id=845\",\"url\":\"https:\/\/www.estetika-eva.si\/?page_id=845\",\"name\":\"Kemi\u010dni piling - Estetika Eva\",\"isPartOf\":{\"@id\":\"https:\/\/www.estetika-eva.si\/#website\"},\"primaryImageOfPage\":{\"@id\":\"https:\/\/www.estetika-eva.si\/?page_id=845#primaryimage\"},\"image\":{\"@id\":\"https:\/\/www.estetika-eva.si\/?page_id=845#primaryimage\"},\"thumbnailUrl\":\"https:\/\/www.estetika-eva.si\/wp-content\/uploads\/2025\/06\/Kisl_Product-300x300.jpg\",\"datePublished\":\"2025-06-07T09:27:57+00:00\",\"dateModified\":\"2026-03-06T15:28:18+00:00\",\"breadcrumb\":{\"@id\":\"https:\/\/www.estetika-eva.si\/?page_id=845#breadcrumb\"},\"inLanguage\":\"en-US\",\"potentialAction\":[{\"@type\":\"ReadAction\",\"target\":[\"https:\/\/www.estetika-eva.si\/?page_id=845\"]}]},{\"@type\":\"ImageObject\",\"inLanguage\":\"en-US\",\"@id\":\"https:\/\/www.estetika-eva.si\/?page_id=845#primaryimage\",\"url\":\"https:\/\/www.estetika-eva.si\/wp-content\/uploads\/2025\/06\/Kisl_Product-scaled.jpg\",\"contentUrl\":\"https:\/\/www.estetika-eva.si\/wp-content\/uploads\/2025\/06\/Kisl_Product-scaled.jpg\",\"width\":2560,\"height\":2560},{\"@type\":\"BreadcrumbList\",\"@id\":\"https:\/\/www.estetika-eva.si\/?page_id=845#breadcrumb\",\"itemListElement\":[{\"@type\":\"ListItem\",\"position\":1,\"name\":\"Home\",\"item\":\"https:\/\/www.estetika-eva.si\/\"},{\"@type\":\"ListItem\",\"position\":2,\"name\":\"Kemi\u010dni piling\"}]},{\"@type\":\"WebSite\",\"@id\":\"https:\/\/www.estetika-eva.si\/#website\",\"url\":\"https:\/\/www.estetika-eva.si\/\",\"name\":\"Estetika Eva\",\"description\":\"Estetika eva\",\"publisher\":{\"@id\":\"https:\/\/www.estetika-eva.si\/#organization\"},\"potentialAction\":[{\"@type\":\"SearchAction\",\"target\":{\"@type\":\"EntryPoint\",\"urlTemplate\":\"https:\/\/www.estetika-eva.si\/?s={search_term_string}\"},\"query-input\":{\"@type\":\"PropertyValueSpecification\",\"valueRequired\":true,\"valueName\":\"search_term_string\"}}],\"inLanguage\":\"en-US\"},{\"@type\":\"Organization\",\"@id\":\"https:\/\/www.estetika-eva.si\/#organization\",\"name\":\"Estetika Eva\",\"url\":\"https:\/\/www.estetika-eva.si\/\",\"logo\":{\"@type\":\"ImageObject\",\"inLanguage\":\"en-US\",\"@id\":\"https:\/\/www.estetika-eva.si\/#\/schema\/logo\/image\/\",\"url\":\"https:\/\/www.estetika-eva.si\/wp-content\/uploads\/2024\/12\/evaLogoMali.png\",\"contentUrl\":\"https:\/\/www.estetika-eva.si\/wp-content\/uploads\/2024\/12\/evaLogoMali.png\",\"width\":100,\"height\":100,\"caption\":\"Estetika Eva\"},\"image\":{\"@id\":\"https:\/\/www.estetika-eva.si\/#\/schema\/logo\/image\/\"}}]}<\/script>\n<!-- \/ Yoast SEO plugin. -->","yoast_head_json":{"title":"Kemi\u010dni piling - Estetika Eva","robots":{"index":"index","follow":"follow","max-snippet":"max-snippet:-1","max-image-preview":"max-image-preview:large","max-video-preview":"max-video-preview:-1"},"canonical":"https:\/\/www.estetika-eva.si\/?page_id=845","og_locale":"en_US","og_type":"article","og_title":"Kemi\u010dni piling - Estetika Eva","og_description":"Kemi\u010dni piling Kemi\u010dni piling je varen, hiter in u\u010dinkovit postopek za izbolj\u0161anje videza in delovanja ko\u017ee, posvetlitev pigmentacij, glajenje gubic, o\u017eanja por, izbolj\u0161anje tonusa in teksture, spodbudi proizvodnjo kolagena in elastina ter izbolj\u0161ana delovanje ko\u017enih funkcij. Postopek kemi\u010dnega pilinga je kratek in skoraj nebole\u010d, malenkost mote\u010de je lahko lu\u0161\u010denje ko\u017ee, ki nastopi 2-3 dan po [&hellip;]","og_url":"https:\/\/www.estetika-eva.si\/?page_id=845","og_site_name":"Estetika Eva","article_modified_time":"2026-03-06T15:28:18+00:00","og_image":[{"width":2560,"height":2560,"url":"https:\/\/www.estetika-eva.si\/wp-content\/uploads\/2025\/06\/Kisl_Product-scaled.jpg","type":"image\/jpeg"}],"twitter_card":"summary_large_image","twitter_misc":{"Est. reading time":"2 minutes"},"schema":{"@context":"https:\/\/schema.org","@graph":[{"@type":"WebPage","@id":"https:\/\/www.estetika-eva.si\/?page_id=845","url":"https:\/\/www.estetika-eva.si\/?page_id=845","name":"Kemi\u010dni piling - Estetika Eva","isPartOf":{"@id":"https:\/\/www.estetika-eva.si\/#website"},"primaryImageOfPage":{"@id":"https:\/\/www.estetika-eva.si\/?page_id=845#primaryimage"},"image":{"@id":"https:\/\/www.estetika-eva.si\/?page_id=845#primaryimage"},"thumbnailUrl":"https:\/\/www.estetika-eva.si\/wp-content\/uploads\/2025\/06\/Kisl_Product-300x300.jpg","datePublished":"2025-06-07T09:27:57+00:00","dateModified":"2026-03-06T15:28:18+00:00","breadcrumb":{"@id":"https:\/\/www.estetika-eva.si\/?page_id=845#breadcrumb"},"inLanguage":"en-US","potentialAction":[{"@type":"ReadAction","target":["https:\/\/www.estetika-eva.si\/?page_id=845"]}]},{"@type":"ImageObject","inLanguage":"en-US","@id":"https:\/\/www.estetika-eva.si\/?page_id=845#primaryimage","url":"https:\/\/www.estetika-eva.si\/wp-content\/uploads\/2025\/06\/Kisl_Product-scaled.jpg","contentUrl":"https:\/\/www.estetika-eva.si\/wp-content\/uploads\/2025\/06\/Kisl_Product-scaled.jpg","width":2560,"height":2560},{"@type":"BreadcrumbList","@id":"https:\/\/www.estetika-eva.si\/?page_id=845#breadcrumb","itemListElement":[{"@type":"ListItem","position":1,"name":"Home","item":"https:\/\/www.estetika-eva.si\/"},{"@type":"ListItem","position":2,"name":"Kemi\u010dni piling"}]},{"@type":"WebSite","@id":"https:\/\/www.estetika-eva.si\/#website","url":"https:\/\/www.estetika-eva.si\/","name":"Estetika Eva","description":"Estetika eva","publisher":{"@id":"https:\/\/www.estetika-eva.si\/#organization"},"potentialAction":[{"@type":"SearchAction","target":{"@type":"EntryPoint","urlTemplate":"https:\/\/www.estetika-eva.si\/?s={search_term_string}"},"query-input":{"@type":"PropertyValueSpecification","valueRequired":true,"valueName":"search_term_string"}}],"inLanguage":"en-US"},{"@type":"Organization","@id":"https:\/\/www.estetika-eva.si\/#organization","name":"Estetika Eva","url":"https:\/\/www.estetika-eva.si\/","logo":{"@type":"ImageObject","inLanguage":"en-US","@id":"https:\/\/www.estetika-eva.si\/#\/schema\/logo\/image\/","url":"https:\/\/www.estetika-eva.si\/wp-content\/uploads\/2024\/12\/evaLogoMali.png","contentUrl":"https:\/\/www.estetika-eva.si\/wp-content\/uploads\/2024\/12\/evaLogoMali.png","width":100,"height":100,"caption":"Estetika Eva"},"image":{"@id":"https:\/\/www.estetika-eva.si\/#\/schema\/logo\/image\/"}}]}},"_links":{"self":[{"href":"https:\/\/www.estetika-eva.si\/index.php?rest_route=\/wp\/v2\/pages\/845","targetHints":{"allow":["GET"]}}],"collection":[{"href":"https:\/\/www.estetika-eva.si\/index.php?rest_route=\/wp\/v2\/pages"}],"about":[{"href":"https:\/\/www.estetika-eva.si\/index.php?rest_route=\/wp\/v2\/types\/page"}],"author":[{"embeddable":true,"href":"https:\/\/www.estetika-eva.si\/index.php?rest_route=\/wp\/v2\/users\/1"}],"replies":[{"embeddable":true,"href":"https:\/\/www.estetika-eva.si\/index.php?rest_route=%2Fwp%2Fv2%2Fcomments&post=845"}],"version-history":[{"count":49,"href":"https:\/\/www.estetika-eva.si\/index.php?rest_route=\/wp\/v2\/pages\/845\/revisions"}],"predecessor-version":[{"id":1235,"href":"https:\/\/www.estetika-eva.si\/index.php?rest_route=\/wp\/v2\/pages\/845\/revisions\/1235"}],"wp:attachment":[{"href":"https:\/\/www.estetika-eva.si\/index.php?rest_route=%2Fwp%2Fv2%2Fmedia&parent=845"}],"curies":[{"name":"wp","href":"https:\/\/api.w.org\/{rel}","templated":true}]}}