{"id":793,"date":"2025-06-07T07:41:21","date_gmt":"2025-06-07T07:41:21","guid":{"rendered":"https:\/\/nova.estetika-eva.si\/?page_id=793"},"modified":"2026-03-06T15:25:51","modified_gmt":"2026-03-06T15:25:51","slug":"brez-iglicna-mezoterapija","status":"publish","type":"page","link":"https:\/\/www.estetika-eva.si\/?page_id=793","title":{"rendered":"Brez igli\u010dna mezoterapija"},"content":{"rendered":"\t\t<div data-elementor-type=\"wp-page\" data-elementor-id=\"793\" class=\"elementor elementor-793\">\n\t\t\t\t<div class=\"elementor-element elementor-element-ce0d8c9 e-flex e-con-boxed e-con e-parent\" data-id=\"ce0d8c9\" data-element_type=\"container\" data-e-type=\"container\" data-settings=\"{&quot;background_background&quot;:&quot;classic&quot;}\">\n\t\t\t\t\t<div class=\"e-con-inner\">\n\t\t\t\t<div class=\"elementor-element elementor-element-2c7a33a elementor-widget elementor-widget-spacer\" data-id=\"2c7a33a\" data-element_type=\"widget\" data-e-type=\"widget\" data-widget_type=\"spacer.default\">\n\t\t\t\t<div class=\"elementor-widget-container\">\n\t\t\t\t\t\t\t<div class=\"elementor-spacer\">\n\t\t\t<div class=\"elementor-spacer-inner\"><\/div>\n\t\t<\/div>\n\t\t\t\t\t\t<\/div>\n\t\t\t\t<\/div>\n\t\t\t\t<div class=\"elementor-element elementor-element-268b0e5 elementor-widget elementor-widget-heading\" data-id=\"268b0e5\" data-element_type=\"widget\" data-e-type=\"widget\" data-widget_type=\"heading.default\">\n\t\t\t\t<div class=\"elementor-widget-container\">\n\t\t\t\t\t<h2 class=\"elementor-heading-title elementor-size-default\">Brez igli\u010dna mezoterapija<\/h2>\t\t\t\t<\/div>\n\t\t\t\t<\/div>\n\t\t\t\t<div class=\"elementor-element elementor-element-3cfcb64 elementor-widget elementor-widget-text-editor\" data-id=\"3cfcb64\" data-element_type=\"widget\" data-e-type=\"widget\" data-widget_type=\"text-editor.default\">\n\t\t\t\t<div class=\"elementor-widget-container\">\n\t\t\t\t\t\t\t\t\t<p>Brez igli\u010dna mezoterapija je intenziven globinski tretma za pomlajevanje, regeneracijo celic, pomiritev ko\u017ee, posvetlitev, vla\u017eenje, zmanj\u0161evanje vnetij pi aknah.<\/p>\t\t\t\t\t\t\t\t<\/div>\n\t\t\t\t<\/div>\n\t\t\t\t<div class=\"elementor-element elementor-element-292884c elementor-widget-divider--view-line_icon elementor-view-default elementor-widget-divider--element-align-center elementor-widget elementor-widget-divider\" data-id=\"292884c\" data-element_type=\"widget\" data-e-type=\"widget\" data-widget_type=\"divider.default\">\n\t\t\t\t<div class=\"elementor-widget-container\">\n\t\t\t\t\t\t\t<div class=\"elementor-divider\">\n\t\t\t<span class=\"elementor-divider-separator\">\n\t\t\t\t\t\t\t<div class=\"elementor-icon elementor-divider__element\">\n\t\t\t\t\t<svg aria-hidden=\"true\" class=\"e-font-icon-svg e-fas-ellipsis-h\" viewBox=\"0 0 512 512\" xmlns=\"http:\/\/www.w3.org\/2000\/svg\"><path d=\"M328 256c0 39.8-32.2 72-72 72s-72-32.2-72-72 32.2-72 72-72 72 32.2 72 72zm104-72c-39.8 0-72 32.2-72 72s32.2 72 72 72 72-32.2 72-72-32.2-72-72-72zm-352 0c-39.8 0-72 32.2-72 72s32.2 72 72 72 72-32.2 72-72-32.2-72-72-72z\"><\/path><\/svg><\/div>\n\t\t\t\t\t\t<\/span>\n\t\t<\/div>\n\t\t\t\t\t\t<\/div>\n\t\t\t\t<\/div>\n\t\t<div class=\"elementor-element elementor-element-d4f3c03 e-con-full e-flex e-con e-child\" data-id=\"d4f3c03\" data-element_type=\"container\" data-e-type=\"container\">\n\t\t<div class=\"elementor-element elementor-element-d84cb20 e-grid e-con-full e-con e-child\" data-id=\"d84cb20\" data-element_type=\"container\" data-e-type=\"container\">\n\t\t\t\t<div class=\"elementor-element elementor-element-57909dd elementor-widget elementor-widget-text-editor\" data-id=\"57909dd\" data-element_type=\"widget\" data-e-type=\"widget\" data-widget_type=\"text-editor.default\">\n\t\t\t\t<div class=\"elementor-widget-container\">\n\t\t\t\t\t\t\t\t\t<div>S pomo\u010djo biostimulativnega laserja, elektroporacije, ultrazvoka, iontoforeze, galvanskega toka, ustvarimo v ko\u017ei mikrokanale, po katerih se spustijo aktivne u\u010dinkovine iz mezoserumov, ki so zapakirane v liposome. Ker ima liposom enako ovojnino kot celi\u010dna membrana, se s celico pove\u017ee in za\u010dne po\u010dasi spro\u0161\u010dati v celico aktivne u\u010dinkovine iz mezo seruma. Ta postopek pinocitoze (hranjenja celic) traja \u0161e en teden po izvedeni terapiji, zato\u00a0\u00a0 je terapija izjemno u\u010dinkovita.<\/div><div>\u00a0<\/div>\t\t\t\t\t\t\t\t<\/div>\n\t\t\t\t<\/div>\n\t\t\t\t<div class=\"elementor-element elementor-element-29277cc elementor-widget elementor-widget-text-editor\" data-id=\"29277cc\" data-element_type=\"widget\" data-e-type=\"widget\" data-widget_type=\"text-editor.default\">\n\t\t\t\t<div class=\"elementor-widget-container\">\n\t\t\t\t\t\t\t\t\t<p>S pomo\u010djo elektroporacije, pa poleg tega, da dose\u017eemo dermis, lahko aktivne\u00a0 u\u010dinkovine pronicajo tudi v subkutis, kjer so ma\u0161\u010dobne celice (adipociti) in delujemo tudi na huj\u0161anje in odstranjevanje celulita.<\/p>\t\t\t\t\t\t\t\t<\/div>\n\t\t\t\t<\/div>\n\t\t\t\t<\/div>\n\t\t<div class=\"elementor-element elementor-element-cfab621 e-con-full e-flex e-con e-child\" data-id=\"cfab621\" data-element_type=\"container\" data-e-type=\"container\">\n\t\t\t\t<div class=\"elementor-element elementor-element-918d798 elementor-widget elementor-widget-image\" data-id=\"918d798\" data-element_type=\"widget\" data-e-type=\"widget\" data-widget_type=\"image.default\">\n\t\t\t\t<div class=\"elementor-widget-container\">\n\t\t\t\t\t\t\t\t\t\t\t\t\t\t\t<img fetchpriority=\"high\" decoding=\"async\" width=\"800\" height=\"530\" src=\"https:\/\/www.estetika-eva.si\/wp-content\/uploads\/2025\/06\/q37Kz82h-1024x678.jpeg\" class=\"attachment-large size-large wp-image-940\" alt=\"\" srcset=\"https:\/\/www.estetika-eva.si\/wp-content\/uploads\/2025\/06\/q37Kz82h-1024x678.jpeg 1024w, https:\/\/www.estetika-eva.si\/wp-content\/uploads\/2025\/06\/q37Kz82h-300x199.jpeg 300w, https:\/\/www.estetika-eva.si\/wp-content\/uploads\/2025\/06\/q37Kz82h-768x509.jpeg 768w, https:\/\/www.estetika-eva.si\/wp-content\/uploads\/2025\/06\/q37Kz82h-1536x1017.jpeg 1536w, https:\/\/www.estetika-eva.si\/wp-content\/uploads\/2025\/06\/q37Kz82h-2048x1356.jpeg 2048w\" sizes=\"(max-width: 800px) 100vw, 800px\" \/>\t\t\t\t\t\t\t\t\t\t\t\t\t\t\t<\/div>\n\t\t\t\t<\/div>\n\t\t\t\t<\/div>\n\t\t\t\t<\/div>\n\t\t\t\t<div class=\"elementor-element elementor-element-2d43ef2 elementor-widget elementor-widget-text-editor\" data-id=\"2d43ef2\" data-element_type=\"widget\" data-e-type=\"widget\" data-widget_type=\"text-editor.default\">\n\t\t\t\t<div class=\"elementor-widget-container\">\n\t\t\t\t\t\t\t\t\t<div>Mezoterapija se odli\u010dno kombinira z radiofrekvenco, microneedlingom, kislinskimi pilingi ali kot samostojna storitev.<\/div><div>\u00a0<\/div>\t\t\t\t\t\t\t\t<\/div>\n\t\t\t\t<\/div>\n\t\t\t\t<div class=\"elementor-element elementor-element-71798cd elementor-widget-divider--view-line_icon elementor-view-default elementor-widget-divider--element-align-center elementor-widget elementor-widget-divider\" data-id=\"71798cd\" data-element_type=\"widget\" data-e-type=\"widget\" data-widget_type=\"divider.default\">\n\t\t\t\t<div class=\"elementor-widget-container\">\n\t\t\t\t\t\t\t<div class=\"elementor-divider\">\n\t\t\t<span class=\"elementor-divider-separator\">\n\t\t\t\t\t\t\t<div class=\"elementor-icon elementor-divider__element\">\n\t\t\t\t\t<svg aria-hidden=\"true\" class=\"e-font-icon-svg e-fas-ellipsis-h\" viewBox=\"0 0 512 512\" xmlns=\"http:\/\/www.w3.org\/2000\/svg\"><path d=\"M328 256c0 39.8-32.2 72-72 72s-72-32.2-72-72 32.2-72 72-72 72 32.2 72 72zm104-72c-39.8 0-72 32.2-72 72s32.2 72 72 72 72-32.2 72-72-32.2-72-72-72zm-352 0c-39.8 0-72 32.2-72 72s32.2 72 72 72 72-32.2 72-72-32.2-72-72-72z\"><\/path><\/svg><\/div>\n\t\t\t\t\t\t<\/span>\n\t\t<\/div>\n\t\t\t\t\t\t<\/div>\n\t\t\t\t<\/div>\n\t\t\t\t<div class=\"elementor-element elementor-element-7a911ad elementor-widget elementor-widget-heading\" data-id=\"7a911ad\" data-element_type=\"widget\" data-e-type=\"widget\" data-widget_type=\"heading.default\">\n\t\t\t\t<div class=\"elementor-widget-container\">\n\t\t\t\t\t<h2 class=\"elementor-heading-title elementor-size-default\">Z mezoterapijo dose\u017eemo:<\/h2>\t\t\t\t<\/div>\n\t\t\t\t<\/div>\n\t\t<div class=\"elementor-element elementor-element-8e54eb2 e-grid e-con-full e-con e-child\" data-id=\"8e54eb2\" data-element_type=\"container\" data-e-type=\"container\">\n\t\t\t\t<div class=\"elementor-element elementor-element-9a11f98 elementor-icon-list--layout-traditional elementor-list-item-link-full_width elementor-widget elementor-widget-icon-list\" data-id=\"9a11f98\" data-element_type=\"widget\" data-e-type=\"widget\" data-widget_type=\"icon-list.default\">\n\t\t\t\t<div class=\"elementor-widget-container\">\n\t\t\t\t\t\t\t<ul class=\"elementor-icon-list-items\">\n\t\t\t\t\t\t\t<li class=\"elementor-icon-list-item\">\n\t\t\t\t\t\t\t\t\t\t\t<span class=\"elementor-icon-list-icon\">\n\t\t\t\t\t\t\t<svg aria-hidden=\"true\" class=\"e-font-icon-svg e-fas-check\" viewBox=\"0 0 512 512\" xmlns=\"http:\/\/www.w3.org\/2000\/svg\"><path d=\"M173.898 439.404l-166.4-166.4c-9.997-9.997-9.997-26.206 0-36.204l36.203-36.204c9.997-9.998 26.207-9.998 36.204 0L192 312.69 432.095 72.596c9.997-9.997 26.207-9.997 36.204 0l36.203 36.204c9.997 9.997 9.997 26.206 0 36.204l-294.4 294.401c-9.998 9.997-26.207 9.997-36.204-.001z\"><\/path><\/svg>\t\t\t\t\t\t<\/span>\n\t\t\t\t\t\t\t\t\t\t<span class=\"elementor-icon-list-text\">Izbolj\u0161anje vseh stanj ko\u017ee<\/span>\n\t\t\t\t\t\t\t\t\t<\/li>\n\t\t\t\t\t\t\t\t<li class=\"elementor-icon-list-item\">\n\t\t\t\t\t\t\t\t\t\t\t<span class=\"elementor-icon-list-icon\">\n\t\t\t\t\t\t\t<svg aria-hidden=\"true\" class=\"e-font-icon-svg e-fas-check\" viewBox=\"0 0 512 512\" xmlns=\"http:\/\/www.w3.org\/2000\/svg\"><path d=\"M173.898 439.404l-166.4-166.4c-9.997-9.997-9.997-26.206 0-36.204l36.203-36.204c9.997-9.998 26.207-9.998 36.204 0L192 312.69 432.095 72.596c9.997-9.997 26.207-9.997 36.204 0l36.203 36.204c9.997 9.997 9.997 26.206 0 36.204l-294.4 294.401c-9.998 9.997-26.207 9.997-36.204-.001z\"><\/path><\/svg>\t\t\t\t\t\t<\/span>\n\t\t\t\t\t\t\t\t\t\t<span class=\"elementor-icon-list-text\">U\u010dvrstitev ko\u017ee in lifting<\/span>\n\t\t\t\t\t\t\t\t\t<\/li>\n\t\t\t\t\t\t\t\t<li class=\"elementor-icon-list-item\">\n\t\t\t\t\t\t\t\t\t\t\t<span class=\"elementor-icon-list-icon\">\n\t\t\t\t\t\t\t<svg aria-hidden=\"true\" class=\"e-font-icon-svg e-fas-check\" viewBox=\"0 0 512 512\" xmlns=\"http:\/\/www.w3.org\/2000\/svg\"><path d=\"M173.898 439.404l-166.4-166.4c-9.997-9.997-9.997-26.206 0-36.204l36.203-36.204c9.997-9.998 26.207-9.998 36.204 0L192 312.69 432.095 72.596c9.997-9.997 26.207-9.997 36.204 0l36.203 36.204c9.997 9.997 9.997 26.206 0 36.204l-294.4 294.401c-9.998 9.997-26.207 9.997-36.204-.001z\"><\/path><\/svg>\t\t\t\t\t\t<\/span>\n\t\t\t\t\t\t\t\t\t\t<span class=\"elementor-icon-list-text\">Detox ko\u017ee<\/span>\n\t\t\t\t\t\t\t\t\t<\/li>\n\t\t\t\t\t\t\t\t<li class=\"elementor-icon-list-item\">\n\t\t\t\t\t\t\t\t\t\t\t<span class=\"elementor-icon-list-icon\">\n\t\t\t\t\t\t\t<svg aria-hidden=\"true\" class=\"e-font-icon-svg e-fas-check\" viewBox=\"0 0 512 512\" xmlns=\"http:\/\/www.w3.org\/2000\/svg\"><path d=\"M173.898 439.404l-166.4-166.4c-9.997-9.997-9.997-26.206 0-36.204l36.203-36.204c9.997-9.998 26.207-9.998 36.204 0L192 312.69 432.095 72.596c9.997-9.997 26.207-9.997 36.204 0l36.203 36.204c9.997 9.997 9.997 26.206 0 36.204l-294.4 294.401c-9.998 9.997-26.207 9.997-36.204-.001z\"><\/path><\/svg>\t\t\t\t\t\t<\/span>\n\t\t\t\t\t\t\t\t\t\t<span class=\"elementor-icon-list-text\">Posvetlitev pigmentacij<\/span>\n\t\t\t\t\t\t\t\t\t<\/li>\n\t\t\t\t\t\t\t\t<li class=\"elementor-icon-list-item\">\n\t\t\t\t\t\t\t\t\t\t\t<span class=\"elementor-icon-list-icon\">\n\t\t\t\t\t\t\t<svg aria-hidden=\"true\" class=\"e-font-icon-svg e-fas-check\" viewBox=\"0 0 512 512\" xmlns=\"http:\/\/www.w3.org\/2000\/svg\"><path d=\"M173.898 439.404l-166.4-166.4c-9.997-9.997-9.997-26.206 0-36.204l36.203-36.204c9.997-9.998 26.207-9.998 36.204 0L192 312.69 432.095 72.596c9.997-9.997 26.207-9.997 36.204 0l36.203 36.204c9.997 9.997 9.997 26.206 0 36.204l-294.4 294.401c-9.998 9.997-26.207 9.997-36.204-.001z\"><\/path><\/svg>\t\t\t\t\t\t<\/span>\n\t\t\t\t\t\t\t\t\t\t<span class=\"elementor-icon-list-text\">Zmanj\u0161evanje aken<\/span>\n\t\t\t\t\t\t\t\t\t<\/li>\n\t\t\t\t\t\t<\/ul>\n\t\t\t\t\t\t<\/div>\n\t\t\t\t<\/div>\n\t\t\t\t<div class=\"elementor-element elementor-element-8ea6484 elementor-icon-list--layout-traditional elementor-list-item-link-full_width elementor-widget elementor-widget-icon-list\" data-id=\"8ea6484\" data-element_type=\"widget\" data-e-type=\"widget\" data-widget_type=\"icon-list.default\">\n\t\t\t\t<div class=\"elementor-widget-container\">\n\t\t\t\t\t\t\t<ul class=\"elementor-icon-list-items\">\n\t\t\t\t\t\t\t<li class=\"elementor-icon-list-item\">\n\t\t\t\t\t\t\t\t\t\t\t<span class=\"elementor-icon-list-icon\">\n\t\t\t\t\t\t\t<svg aria-hidden=\"true\" class=\"e-font-icon-svg e-fas-check\" viewBox=\"0 0 512 512\" xmlns=\"http:\/\/www.w3.org\/2000\/svg\"><path d=\"M173.898 439.404l-166.4-166.4c-9.997-9.997-9.997-26.206 0-36.204l36.203-36.204c9.997-9.998 26.207-9.998 36.204 0L192 312.69 432.095 72.596c9.997-9.997 26.207-9.997 36.204 0l36.203 36.204c9.997 9.997 9.997 26.206 0 36.204l-294.4 294.401c-9.998 9.997-26.207 9.997-36.204-.001z\"><\/path><\/svg>\t\t\t\t\t\t<\/span>\n\t\t\t\t\t\t\t\t\t\t<span class=\"elementor-icon-list-text\">Zmanj\u0161evanje rde\u010dice, roace, kuperoze, krepitev kapilar<\/span>\n\t\t\t\t\t\t\t\t\t<\/li>\n\t\t\t\t\t\t\t\t<li class=\"elementor-icon-list-item\">\n\t\t\t\t\t\t\t\t\t\t\t<span class=\"elementor-icon-list-icon\">\n\t\t\t\t\t\t\t<svg aria-hidden=\"true\" class=\"e-font-icon-svg e-fas-check\" viewBox=\"0 0 512 512\" xmlns=\"http:\/\/www.w3.org\/2000\/svg\"><path d=\"M173.898 439.404l-166.4-166.4c-9.997-9.997-9.997-26.206 0-36.204l36.203-36.204c9.997-9.998 26.207-9.998 36.204 0L192 312.69 432.095 72.596c9.997-9.997 26.207-9.997 36.204 0l36.203 36.204c9.997 9.997 9.997 26.206 0 36.204l-294.4 294.401c-9.998 9.997-26.207 9.997-36.204-.001z\"><\/path><\/svg>\t\t\t\t\t\t<\/span>\n\t\t\t\t\t\t\t\t\t\t<span class=\"elementor-icon-list-text\">Zmanj\u0161evanje brazgotin<\/span>\n\t\t\t\t\t\t\t\t\t<\/li>\n\t\t\t\t\t\t\t\t<li class=\"elementor-icon-list-item\">\n\t\t\t\t\t\t\t\t\t\t\t<span class=\"elementor-icon-list-icon\">\n\t\t\t\t\t\t\t<svg aria-hidden=\"true\" class=\"e-font-icon-svg e-fas-check\" viewBox=\"0 0 512 512\" xmlns=\"http:\/\/www.w3.org\/2000\/svg\"><path d=\"M173.898 439.404l-166.4-166.4c-9.997-9.997-9.997-26.206 0-36.204l36.203-36.204c9.997-9.998 26.207-9.998 36.204 0L192 312.69 432.095 72.596c9.997-9.997 26.207-9.997 36.204 0l36.203 36.204c9.997 9.997 9.997 26.206 0 36.204l-294.4 294.401c-9.998 9.997-26.207 9.997-36.204-.001z\"><\/path><\/svg>\t\t\t\t\t\t<\/span>\n\t\t\t\t\t\t\t\t\t\t<span class=\"elementor-icon-list-text\">Dvig in oblikovanje \u010deljustnih linij<\/span>\n\t\t\t\t\t\t\t\t\t<\/li>\n\t\t\t\t\t\t\t\t<li class=\"elementor-icon-list-item\">\n\t\t\t\t\t\t\t\t\t\t\t<span class=\"elementor-icon-list-icon\">\n\t\t\t\t\t\t\t<svg aria-hidden=\"true\" class=\"e-font-icon-svg e-fas-check\" viewBox=\"0 0 512 512\" xmlns=\"http:\/\/www.w3.org\/2000\/svg\"><path d=\"M173.898 439.404l-166.4-166.4c-9.997-9.997-9.997-26.206 0-36.204l36.203-36.204c9.997-9.998 26.207-9.998 36.204 0L192 312.69 432.095 72.596c9.997-9.997 26.207-9.997 36.204 0l36.203 36.204c9.997 9.997 9.997 26.206 0 36.204l-294.4 294.401c-9.998 9.997-26.207 9.997-36.204-.001z\"><\/path><\/svg>\t\t\t\t\t\t<\/span>\n\t\t\t\t\t\t\t\t\t\t<span class=\"elementor-icon-list-text\">Vla\u017eenje in prehrana celic<\/span>\n\t\t\t\t\t\t\t\t\t<\/li>\n\t\t\t\t\t\t\t\t<li class=\"elementor-icon-list-item\">\n\t\t\t\t\t\t\t\t\t\t\t<span class=\"elementor-icon-list-icon\">\n\t\t\t\t\t\t\t<svg aria-hidden=\"true\" class=\"e-font-icon-svg e-fas-check\" viewBox=\"0 0 512 512\" xmlns=\"http:\/\/www.w3.org\/2000\/svg\"><path d=\"M173.898 439.404l-166.4-166.4c-9.997-9.997-9.997-26.206 0-36.204l36.203-36.204c9.997-9.998 26.207-9.998 36.204 0L192 312.69 432.095 72.596c9.997-9.997 26.207-9.997 36.204 0l36.203 36.204c9.997 9.997 9.997 26.206 0 36.204l-294.4 294.401c-9.998 9.997-26.207 9.997-36.204-.001z\"><\/path><\/svg>\t\t\t\t\t\t<\/span>\n\t\t\t\t\t\t\t\t\t\t<span class=\"elementor-icon-list-text\">Huj\u0161anje in odprava celulita izbolj\u0161anje rasti las<\/span>\n\t\t\t\t\t\t\t\t\t<\/li>\n\t\t\t\t\t\t<\/ul>\n\t\t\t\t\t\t<\/div>\n\t\t\t\t<\/div>\n\t\t\t\t<\/div>\n\t\t\t\t<div class=\"elementor-element elementor-element-4d5de9c elementor-align-center floating elementor-widget elementor-widget-button\" data-id=\"4d5de9c\" data-element_type=\"widget\" data-e-type=\"widget\" id=\"floating\" data-widget_type=\"button.default\">\n\t\t\t\t<div class=\"elementor-widget-container\">\n\t\t\t\t\t\t\t\t\t<div class=\"elementor-button-wrapper\">\n\t\t\t\t\t<a class=\"elementor-button elementor-button-link elementor-size-sm elementor-animation-grow\" href=\"https:\/\/form.lime-booking.com\/sl\/estetika_eva\/service\" target=\"_blank\" id=\"floating\">\n\t\t\t\t\t\t<span class=\"elementor-button-content-wrapper\">\n\t\t\t\t\t\t\t\t\t<span class=\"elementor-button-text\">NARO\u010cI SE<\/span>\n\t\t\t\t\t<\/span>\n\t\t\t\t\t<\/a>\n\t\t\t\t<\/div>\n\t\t\t\t\t\t\t\t<\/div>\n\t\t\t\t<\/div>\n\t\t\t\t\t<\/div>\n\t\t\t\t<\/div>\n\t\t\t\t<\/div>\n\t\t","protected":false},"excerpt":{"rendered":"<p>Brez igli\u010dna mezoterapija Brez igli\u010dna mezoterapija je intenziven globinski tretma za pomlajevanje, regeneracijo celic, pomiritev ko\u017ee, posvetlitev, vla\u017eenje, zmanj\u0161evanje vnetij pi aknah. S pomo\u010djo biostimulativnega laserja, elektroporacije, ultrazvoka, iontoforeze, galvanskega toka, ustvarimo v ko\u017ei mikrokanale, po katerih se spustijo aktivne u\u010dinkovine iz mezoserumov, ki so zapakirane v liposome. Ker ima liposom enako ovojnino kot celi\u010dna [&hellip;]<\/p>\n","protected":false},"author":1,"featured_media":0,"parent":0,"menu_order":0,"comment_status":"closed","ping_status":"closed","template":"","meta":{"footnotes":""},"class_list":["post-793","page","type-page","status-publish","hentry"],"yoast_head":"<!-- This site is optimized with the Yoast SEO plugin v27.1.1 - https:\/\/yoast.com\/product\/yoast-seo-wordpress\/ -->\n<title>Brez igli\u010dna mezoterapija - Estetika Eva<\/title>\n<meta name=\"robots\" content=\"index, follow, max-snippet:-1, max-image-preview:large, max-video-preview:-1\" \/>\n<link rel=\"canonical\" href=\"https:\/\/www.estetika-eva.si\/?page_id=793\" \/>\n<meta property=\"og:locale\" content=\"en_US\" \/>\n<meta property=\"og:type\" content=\"article\" \/>\n<meta property=\"og:title\" content=\"Brez igli\u010dna mezoterapija - Estetika Eva\" \/>\n<meta property=\"og:description\" content=\"Brez igli\u010dna mezoterapija Brez igli\u010dna mezoterapija je intenziven globinski tretma za pomlajevanje, regeneracijo celic, pomiritev ko\u017ee, posvetlitev, vla\u017eenje, zmanj\u0161evanje vnetij pi aknah. S pomo\u010djo biostimulativnega laserja, elektroporacije, ultrazvoka, iontoforeze, galvanskega toka, ustvarimo v ko\u017ei mikrokanale, po katerih se spustijo aktivne u\u010dinkovine iz mezoserumov, ki so zapakirane v liposome. Ker ima liposom enako ovojnino kot celi\u010dna [&hellip;]\" \/>\n<meta property=\"og:url\" content=\"https:\/\/www.estetika-eva.si\/?page_id=793\" \/>\n<meta property=\"og:site_name\" content=\"Estetika Eva\" \/>\n<meta property=\"article:modified_time\" content=\"2026-03-06T15:25:51+00:00\" \/>\n<meta property=\"og:image\" content=\"https:\/\/www.estetika-eva.si\/wp-content\/uploads\/2025\/06\/q37Kz82h-scaled.jpeg\" \/>\n\t<meta property=\"og:image:width\" content=\"2560\" \/>\n\t<meta property=\"og:image:height\" content=\"1696\" \/>\n\t<meta property=\"og:image:type\" content=\"image\/jpeg\" \/>\n<meta name=\"twitter:card\" content=\"summary_large_image\" \/>\n<meta name=\"twitter:label1\" content=\"Est. reading time\" \/>\n\t<meta name=\"twitter:data1\" content=\"1 minute\" \/>\n<script type=\"application\/ld+json\" class=\"yoast-schema-graph\">{\"@context\":\"https:\/\/schema.org\",\"@graph\":[{\"@type\":\"WebPage\",\"@id\":\"https:\/\/www.estetika-eva.si\/?page_id=793\",\"url\":\"https:\/\/www.estetika-eva.si\/?page_id=793\",\"name\":\"Brez igli\u010dna mezoterapija - Estetika Eva\",\"isPartOf\":{\"@id\":\"https:\/\/www.estetika-eva.si\/#website\"},\"primaryImageOfPage\":{\"@id\":\"https:\/\/www.estetika-eva.si\/?page_id=793#primaryimage\"},\"image\":{\"@id\":\"https:\/\/www.estetika-eva.si\/?page_id=793#primaryimage\"},\"thumbnailUrl\":\"https:\/\/www.estetika-eva.si\/wp-content\/uploads\/2025\/06\/q37Kz82h-1024x678.jpeg\",\"datePublished\":\"2025-06-07T07:41:21+00:00\",\"dateModified\":\"2026-03-06T15:25:51+00:00\",\"breadcrumb\":{\"@id\":\"https:\/\/www.estetika-eva.si\/?page_id=793#breadcrumb\"},\"inLanguage\":\"en-US\",\"potentialAction\":[{\"@type\":\"ReadAction\",\"target\":[\"https:\/\/www.estetika-eva.si\/?page_id=793\"]}]},{\"@type\":\"ImageObject\",\"inLanguage\":\"en-US\",\"@id\":\"https:\/\/www.estetika-eva.si\/?page_id=793#primaryimage\",\"url\":\"https:\/\/www.estetika-eva.si\/wp-content\/uploads\/2025\/06\/q37Kz82h-scaled.jpeg\",\"contentUrl\":\"https:\/\/www.estetika-eva.si\/wp-content\/uploads\/2025\/06\/q37Kz82h-scaled.jpeg\",\"width\":2560,\"height\":1696},{\"@type\":\"BreadcrumbList\",\"@id\":\"https:\/\/www.estetika-eva.si\/?page_id=793#breadcrumb\",\"itemListElement\":[{\"@type\":\"ListItem\",\"position\":1,\"name\":\"Home\",\"item\":\"https:\/\/www.estetika-eva.si\/\"},{\"@type\":\"ListItem\",\"position\":2,\"name\":\"Brez igli\u010dna mezoterapija\"}]},{\"@type\":\"WebSite\",\"@id\":\"https:\/\/www.estetika-eva.si\/#website\",\"url\":\"https:\/\/www.estetika-eva.si\/\",\"name\":\"Estetika Eva\",\"description\":\"Estetika eva\",\"publisher\":{\"@id\":\"https:\/\/www.estetika-eva.si\/#organization\"},\"potentialAction\":[{\"@type\":\"SearchAction\",\"target\":{\"@type\":\"EntryPoint\",\"urlTemplate\":\"https:\/\/www.estetika-eva.si\/?s={search_term_string}\"},\"query-input\":{\"@type\":\"PropertyValueSpecification\",\"valueRequired\":true,\"valueName\":\"search_term_string\"}}],\"inLanguage\":\"en-US\"},{\"@type\":\"Organization\",\"@id\":\"https:\/\/www.estetika-eva.si\/#organization\",\"name\":\"Estetika Eva\",\"url\":\"https:\/\/www.estetika-eva.si\/\",\"logo\":{\"@type\":\"ImageObject\",\"inLanguage\":\"en-US\",\"@id\":\"https:\/\/www.estetika-eva.si\/#\/schema\/logo\/image\/\",\"url\":\"https:\/\/www.estetika-eva.si\/wp-content\/uploads\/2024\/12\/evaLogoMali.png\",\"contentUrl\":\"https:\/\/www.estetika-eva.si\/wp-content\/uploads\/2024\/12\/evaLogoMali.png\",\"width\":100,\"height\":100,\"caption\":\"Estetika Eva\"},\"image\":{\"@id\":\"https:\/\/www.estetika-eva.si\/#\/schema\/logo\/image\/\"}}]}<\/script>\n<!-- \/ Yoast SEO plugin. -->","yoast_head_json":{"title":"Brez igli\u010dna mezoterapija - Estetika Eva","robots":{"index":"index","follow":"follow","max-snippet":"max-snippet:-1","max-image-preview":"max-image-preview:large","max-video-preview":"max-video-preview:-1"},"canonical":"https:\/\/www.estetika-eva.si\/?page_id=793","og_locale":"en_US","og_type":"article","og_title":"Brez igli\u010dna mezoterapija - Estetika Eva","og_description":"Brez igli\u010dna mezoterapija Brez igli\u010dna mezoterapija je intenziven globinski tretma za pomlajevanje, regeneracijo celic, pomiritev ko\u017ee, posvetlitev, vla\u017eenje, zmanj\u0161evanje vnetij pi aknah. S pomo\u010djo biostimulativnega laserja, elektroporacije, ultrazvoka, iontoforeze, galvanskega toka, ustvarimo v ko\u017ei mikrokanale, po katerih se spustijo aktivne u\u010dinkovine iz mezoserumov, ki so zapakirane v liposome. Ker ima liposom enako ovojnino kot celi\u010dna [&hellip;]","og_url":"https:\/\/www.estetika-eva.si\/?page_id=793","og_site_name":"Estetika Eva","article_modified_time":"2026-03-06T15:25:51+00:00","og_image":[{"width":2560,"height":1696,"url":"https:\/\/www.estetika-eva.si\/wp-content\/uploads\/2025\/06\/q37Kz82h-scaled.jpeg","type":"image\/jpeg"}],"twitter_card":"summary_large_image","twitter_misc":{"Est. reading time":"1 minute"},"schema":{"@context":"https:\/\/schema.org","@graph":[{"@type":"WebPage","@id":"https:\/\/www.estetika-eva.si\/?page_id=793","url":"https:\/\/www.estetika-eva.si\/?page_id=793","name":"Brez igli\u010dna mezoterapija - Estetika Eva","isPartOf":{"@id":"https:\/\/www.estetika-eva.si\/#website"},"primaryImageOfPage":{"@id":"https:\/\/www.estetika-eva.si\/?page_id=793#primaryimage"},"image":{"@id":"https:\/\/www.estetika-eva.si\/?page_id=793#primaryimage"},"thumbnailUrl":"https:\/\/www.estetika-eva.si\/wp-content\/uploads\/2025\/06\/q37Kz82h-1024x678.jpeg","datePublished":"2025-06-07T07:41:21+00:00","dateModified":"2026-03-06T15:25:51+00:00","breadcrumb":{"@id":"https:\/\/www.estetika-eva.si\/?page_id=793#breadcrumb"},"inLanguage":"en-US","potentialAction":[{"@type":"ReadAction","target":["https:\/\/www.estetika-eva.si\/?page_id=793"]}]},{"@type":"ImageObject","inLanguage":"en-US","@id":"https:\/\/www.estetika-eva.si\/?page_id=793#primaryimage","url":"https:\/\/www.estetika-eva.si\/wp-content\/uploads\/2025\/06\/q37Kz82h-scaled.jpeg","contentUrl":"https:\/\/www.estetika-eva.si\/wp-content\/uploads\/2025\/06\/q37Kz82h-scaled.jpeg","width":2560,"height":1696},{"@type":"BreadcrumbList","@id":"https:\/\/www.estetika-eva.si\/?page_id=793#breadcrumb","itemListElement":[{"@type":"ListItem","position":1,"name":"Home","item":"https:\/\/www.estetika-eva.si\/"},{"@type":"ListItem","position":2,"name":"Brez igli\u010dna mezoterapija"}]},{"@type":"WebSite","@id":"https:\/\/www.estetika-eva.si\/#website","url":"https:\/\/www.estetika-eva.si\/","name":"Estetika Eva","description":"Estetika eva","publisher":{"@id":"https:\/\/www.estetika-eva.si\/#organization"},"potentialAction":[{"@type":"SearchAction","target":{"@type":"EntryPoint","urlTemplate":"https:\/\/www.estetika-eva.si\/?s={search_term_string}"},"query-input":{"@type":"PropertyValueSpecification","valueRequired":true,"valueName":"search_term_string"}}],"inLanguage":"en-US"},{"@type":"Organization","@id":"https:\/\/www.estetika-eva.si\/#organization","name":"Estetika Eva","url":"https:\/\/www.estetika-eva.si\/","logo":{"@type":"ImageObject","inLanguage":"en-US","@id":"https:\/\/www.estetika-eva.si\/#\/schema\/logo\/image\/","url":"https:\/\/www.estetika-eva.si\/wp-content\/uploads\/2024\/12\/evaLogoMali.png","contentUrl":"https:\/\/www.estetika-eva.si\/wp-content\/uploads\/2024\/12\/evaLogoMali.png","width":100,"height":100,"caption":"Estetika Eva"},"image":{"@id":"https:\/\/www.estetika-eva.si\/#\/schema\/logo\/image\/"}}]}},"_links":{"self":[{"href":"https:\/\/www.estetika-eva.si\/index.php?rest_route=\/wp\/v2\/pages\/793","targetHints":{"allow":["GET"]}}],"collection":[{"href":"https:\/\/www.estetika-eva.si\/index.php?rest_route=\/wp\/v2\/pages"}],"about":[{"href":"https:\/\/www.estetika-eva.si\/index.php?rest_route=\/wp\/v2\/types\/page"}],"author":[{"embeddable":true,"href":"https:\/\/www.estetika-eva.si\/index.php?rest_route=\/wp\/v2\/users\/1"}],"replies":[{"embeddable":true,"href":"https:\/\/www.estetika-eva.si\/index.php?rest_route=%2Fwp%2Fv2%2Fcomments&post=793"}],"version-history":[{"count":49,"href":"https:\/\/www.estetika-eva.si\/index.php?rest_route=\/wp\/v2\/pages\/793\/revisions"}],"predecessor-version":[{"id":1211,"href":"https:\/\/www.estetika-eva.si\/index.php?rest_route=\/wp\/v2\/pages\/793\/revisions\/1211"}],"wp:attachment":[{"href":"https:\/\/www.estetika-eva.si\/index.php?rest_route=%2Fwp%2Fv2%2Fmedia&parent=793"}],"curies":[{"name":"wp","href":"https:\/\/api.w.org\/{rel}","templated":true}]}}