{"id":682,"date":"2025-06-06T13:01:04","date_gmt":"2025-06-06T13:01:04","guid":{"rendered":"https:\/\/nova.estetika-eva.si\/?page_id=682"},"modified":"2026-03-06T15:26:41","modified_gmt":"2026-03-06T15:26:41","slug":"innofacial-nega-obraza","status":"publish","type":"page","link":"https:\/\/www.estetika-eva.si\/?page_id=682","title":{"rendered":"Innofacial nega obraza"},"content":{"rendered":"\t\t<div data-elementor-type=\"wp-page\" data-elementor-id=\"682\" class=\"elementor elementor-682\">\n\t\t\t\t<div class=\"elementor-element elementor-element-b25199d e-grid e-con-boxed e-con e-parent\" data-id=\"b25199d\" data-element_type=\"container\" data-e-type=\"container\" data-settings=\"{&quot;background_background&quot;:&quot;classic&quot;}\">\n\t\t\t\t\t<div class=\"e-con-inner\">\n\t\t\t\t<div class=\"elementor-element elementor-element-c51838f elementor-widget elementor-widget-spacer\" data-id=\"c51838f\" data-element_type=\"widget\" data-e-type=\"widget\" data-widget_type=\"spacer.default\">\n\t\t\t\t<div class=\"elementor-widget-container\">\n\t\t\t\t\t\t\t<div class=\"elementor-spacer\">\n\t\t\t<div class=\"elementor-spacer-inner\"><\/div>\n\t\t<\/div>\n\t\t\t\t\t\t<\/div>\n\t\t\t\t<\/div>\n\t\t\t\t<div class=\"elementor-element elementor-element-0d41e00 elementor-widget elementor-widget-heading\" data-id=\"0d41e00\" data-element_type=\"widget\" data-e-type=\"widget\" data-widget_type=\"heading.default\">\n\t\t\t\t<div class=\"elementor-widget-container\">\n\t\t\t\t\t<h2 class=\"elementor-heading-title elementor-size-default\">Innofacial nega obraza<\/h2>\t\t\t\t<\/div>\n\t\t\t\t<\/div>\n\t\t\t\t<div class=\"elementor-element elementor-element-56f297b elementor-widget elementor-widget-text-editor\" data-id=\"56f297b\" data-element_type=\"widget\" data-e-type=\"widget\" data-widget_type=\"text-editor.default\">\n\t\t\t\t<div class=\"elementor-widget-container\">\n\t\t\t\t\t\t\t\t\t<p>Innofacial je najmo\u010dnej\u0161i, neagresiven dermoabrazijski sistem v kozmeti\u010dni medicini, ki omogo\u010da intenzivno nego, globinsko \u010di\u0161\u010denje, hranjenje in za\u0161\u010ditno ko\u017ee na enem mestu.<\/p>\t\t\t\t\t\t\t\t<\/div>\n\t\t\t\t<\/div>\n\t\t\t\t<div class=\"elementor-element elementor-element-c3b6223 elementor-widget-divider--view-line_icon elementor-view-default elementor-widget-divider--element-align-center elementor-widget elementor-widget-divider\" data-id=\"c3b6223\" data-element_type=\"widget\" data-e-type=\"widget\" data-widget_type=\"divider.default\">\n\t\t\t\t<div class=\"elementor-widget-container\">\n\t\t\t\t\t\t\t<div class=\"elementor-divider\">\n\t\t\t<span class=\"elementor-divider-separator\">\n\t\t\t\t\t\t\t<div class=\"elementor-icon elementor-divider__element\">\n\t\t\t\t\t<svg aria-hidden=\"true\" class=\"e-font-icon-svg e-fas-ellipsis-h\" viewBox=\"0 0 512 512\" xmlns=\"http:\/\/www.w3.org\/2000\/svg\"><path d=\"M328 256c0 39.8-32.2 72-72 72s-72-32.2-72-72 32.2-72 72-72 72 32.2 72 72zm104-72c-39.8 0-72 32.2-72 72s32.2 72 72 72 72-32.2 72-72-32.2-72-72-72zm-352 0c-39.8 0-72 32.2-72 72s32.2 72 72 72 72-32.2 72-72-32.2-72-72-72z\"><\/path><\/svg><\/div>\n\t\t\t\t\t\t<\/span>\n\t\t<\/div>\n\t\t\t\t\t\t<\/div>\n\t\t\t\t<\/div>\n\t\t<div class=\"elementor-element elementor-element-9f5a089 e-con-full e-flex e-con e-child\" data-id=\"9f5a089\" data-element_type=\"container\" data-e-type=\"container\">\n\t\t<div class=\"elementor-element elementor-element-b6ab4d6 e-con-full e-flex e-con e-child\" data-id=\"b6ab4d6\" data-element_type=\"container\" data-e-type=\"container\">\n\t\t<div class=\"elementor-element elementor-element-4a5698c e-con-full e-flex e-con e-child\" data-id=\"4a5698c\" data-element_type=\"container\" data-e-type=\"container\">\n\t\t\t\t<div class=\"elementor-element elementor-element-5c7a0d2 elementor-widget elementor-widget-text-editor\" data-id=\"5c7a0d2\" data-element_type=\"widget\" data-e-type=\"widget\" data-widget_type=\"text-editor.default\">\n\t\t\t\t<div class=\"elementor-widget-container\">\n\t\t\t\t\t\t\t\t\t<p>Revolucionarni sistem poskrbi za celovito globinsko regeneracijo ko\u017ee in vpliva na tvorbo novih ko\u017enih celic. Pri svojem delovanju uporabljamo dermatolo\u0161ko testirane serume in patentirano infusion soft ro\u010dko, s \u010dimer vam ko\u017eo neinvazivno in brez iritacij razslojimo. brez stiskanja globinsko o\u010distimo ter nahranimo in navla\u017eimo.<\/p>\t\t\t\t\t\t\t\t<\/div>\n\t\t\t\t<\/div>\n\t\t\t\t<\/div>\n\t\t<div class=\"elementor-element elementor-element-08120de e-con-full e-flex e-con e-child\" data-id=\"08120de\" data-element_type=\"container\" data-e-type=\"container\">\n\t\t\t\t<div class=\"elementor-element elementor-element-395609e elementor-widget elementor-widget-text-editor\" data-id=\"395609e\" data-element_type=\"widget\" data-e-type=\"widget\" data-widget_type=\"text-editor.default\">\n\t\t\t\t<div class=\"elementor-widget-container\">\n\t\t\t\t\t\t\t\t\t<p>Rezultati prina\u0161ajo takoj\u0161nje in dolgoro\u010dne ugodnosti za zdravje ko\u017ee, ki jih lahko vidite in ob\u010dutite. Postopek aktivno vpliva na razli\u010dne ko\u017ene problematike isto\u010dasno, vklju\u010dno z aknami, drobnimi gubicami, dehidracijo, hiperpigmentacijo, neenakomernim tenom in zama\u0161enimi porami.<\/p>\t\t\t\t\t\t\t\t<\/div>\n\t\t\t\t<\/div>\n\t\t\t\t<\/div>\n\t\t\t\t<\/div>\n\t\t<div class=\"elementor-element elementor-element-9f241b0 e-con-full e-flex e-con e-child\" data-id=\"9f241b0\" data-element_type=\"container\" data-e-type=\"container\">\n\t\t\t\t<div class=\"elementor-element elementor-element-960808f elementor-widget elementor-widget-image\" data-id=\"960808f\" data-element_type=\"widget\" data-e-type=\"widget\" data-widget_type=\"image.default\">\n\t\t\t\t<div class=\"elementor-widget-container\">\n\t\t\t\t\t\t\t\t\t\t\t\t\t\t\t<img fetchpriority=\"high\" decoding=\"async\" width=\"800\" height=\"534\" src=\"https:\/\/www.estetika-eva.si\/wp-content\/uploads\/2025\/06\/Inno-1024x683.jpg\" class=\"attachment-large size-large wp-image-926\" alt=\"\" srcset=\"https:\/\/www.estetika-eva.si\/wp-content\/uploads\/2025\/06\/Inno-1024x683.jpg 1024w, https:\/\/www.estetika-eva.si\/wp-content\/uploads\/2025\/06\/Inno-300x200.jpg 300w, https:\/\/www.estetika-eva.si\/wp-content\/uploads\/2025\/06\/Inno-768x512.jpg 768w, https:\/\/www.estetika-eva.si\/wp-content\/uploads\/2025\/06\/Inno-1536x1024.jpg 1536w, https:\/\/www.estetika-eva.si\/wp-content\/uploads\/2025\/06\/Inno-2048x1365.jpg 2048w\" sizes=\"(max-width: 800px) 100vw, 800px\" \/>\t\t\t\t\t\t\t\t\t\t\t\t\t\t\t<\/div>\n\t\t\t\t<\/div>\n\t\t\t\t<\/div>\n\t\t\t\t<\/div>\n\t\t\t\t<div class=\"elementor-element elementor-element-cf024c5 elementor-widget elementor-widget-text-editor\" data-id=\"cf024c5\" data-element_type=\"widget\" data-e-type=\"widget\" data-widget_type=\"text-editor.default\">\n\t\t\t\t<div class=\"elementor-widget-container\">\n\t\t\t\t\t\t\t\t\t<p>Z innofacial negami tretiramo vse aknaste ko\u017ee najstnikov, poskrbimo za izbolj\u0161anje stanja rozaceje, psoriaze, ko\u017ene srbe\u010dice ter varno u\u010dinkujemo na tanke, starej\u0161e kuperozne ko\u017ee brez iritacij in po\u0161kodb tkiva. Izdrazito izbolj\u0161amo strukturo kolagenskih in elastinskih vlaken ter mi\u0161i\u010dni tonus. Vlakna vezivnega tkiva postanejo \u010dvrsta, ko\u017ea pa gladka in napeta.<\/p>\t\t\t\t\t\t\t\t<\/div>\n\t\t\t\t<\/div>\n\t\t\t\t<div class=\"elementor-element elementor-element-9302bbd elementor-widget-divider--view-line_icon elementor-view-default elementor-widget-divider--element-align-center elementor-widget elementor-widget-divider\" data-id=\"9302bbd\" data-element_type=\"widget\" data-e-type=\"widget\" data-widget_type=\"divider.default\">\n\t\t\t\t<div class=\"elementor-widget-container\">\n\t\t\t\t\t\t\t<div class=\"elementor-divider\">\n\t\t\t<span class=\"elementor-divider-separator\">\n\t\t\t\t\t\t\t<div class=\"elementor-icon elementor-divider__element\">\n\t\t\t\t\t<svg aria-hidden=\"true\" class=\"e-font-icon-svg e-fas-ellipsis-h\" viewBox=\"0 0 512 512\" xmlns=\"http:\/\/www.w3.org\/2000\/svg\"><path d=\"M328 256c0 39.8-32.2 72-72 72s-72-32.2-72-72 32.2-72 72-72 72 32.2 72 72zm104-72c-39.8 0-72 32.2-72 72s32.2 72 72 72 72-32.2 72-72-32.2-72-72-72zm-352 0c-39.8 0-72 32.2-72 72s32.2 72 72 72 72-32.2 72-72-32.2-72-72-72z\"><\/path><\/svg><\/div>\n\t\t\t\t\t\t<\/span>\n\t\t<\/div>\n\t\t\t\t\t\t<\/div>\n\t\t\t\t<\/div>\n\t\t\t\t<div class=\"elementor-element elementor-element-db22a8d elementor-widget elementor-widget-heading\" data-id=\"db22a8d\" data-element_type=\"widget\" data-e-type=\"widget\" data-widget_type=\"heading.default\">\n\t\t\t\t<div class=\"elementor-widget-container\">\n\t\t\t\t\t<h2 class=\"elementor-heading-title elementor-size-default\">Rezultati vidni \u017ee po prvem tretmaju!<\/h2>\t\t\t\t<\/div>\n\t\t\t\t<\/div>\n\t\t\t\t<div class=\"elementor-element elementor-element-fd22fbb elementor-align-center elementor-widget__width-auto floating elementor-widget elementor-widget-button\" data-id=\"fd22fbb\" data-element_type=\"widget\" data-e-type=\"widget\" id=\"floating\" data-widget_type=\"button.default\">\n\t\t\t\t<div class=\"elementor-widget-container\">\n\t\t\t\t\t\t\t\t\t<div class=\"elementor-button-wrapper\">\n\t\t\t\t\t<a class=\"elementor-button elementor-button-link elementor-size-sm elementor-animation-grow\" href=\"https:\/\/form.lime-booking.com\/sl\/estetika_eva\/service\" target=\"_blank\" id=\"floating\">\n\t\t\t\t\t\t<span class=\"elementor-button-content-wrapper\">\n\t\t\t\t\t\t\t\t\t<span class=\"elementor-button-text\">NARO\u010cI SE<\/span>\n\t\t\t\t\t<\/span>\n\t\t\t\t\t<\/a>\n\t\t\t\t<\/div>\n\t\t\t\t\t\t\t\t<\/div>\n\t\t\t\t<\/div>\n\t\t\t\t\t<\/div>\n\t\t\t\t<\/div>\n\t\t<div class=\"elementor-element elementor-element-3a1cd6a e-grid e-con-boxed e-con e-parent\" data-id=\"3a1cd6a\" data-element_type=\"container\" data-e-type=\"container\">\n\t\t\t\t\t<div class=\"e-con-inner\">\n\t\t\t\t\t<\/div>\n\t\t\t\t<\/div>\n\t\t\t\t<\/div>\n\t\t","protected":false},"excerpt":{"rendered":"<p>Innofacial nega obraza Innofacial je najmo\u010dnej\u0161i, neagresiven dermoabrazijski sistem v kozmeti\u010dni medicini, ki omogo\u010da intenzivno nego, globinsko \u010di\u0161\u010denje, hranjenje in za\u0161\u010ditno ko\u017ee na enem mestu. Revolucionarni sistem poskrbi za celovito globinsko regeneracijo ko\u017ee in vpliva na tvorbo novih ko\u017enih celic. Pri svojem delovanju uporabljamo dermatolo\u0161ko testirane serume in patentirano infusion soft ro\u010dko, s \u010dimer vam [&hellip;]<\/p>\n","protected":false},"author":1,"featured_media":0,"parent":0,"menu_order":0,"comment_status":"closed","ping_status":"closed","template":"","meta":{"footnotes":""},"class_list":["post-682","page","type-page","status-publish","hentry"],"yoast_head":"<!-- This site is optimized with the Yoast SEO plugin v27.1.1 - https:\/\/yoast.com\/product\/yoast-seo-wordpress\/ -->\n<title>Innofacial nega obraza - Estetika Eva<\/title>\n<meta name=\"robots\" content=\"index, follow, max-snippet:-1, max-image-preview:large, max-video-preview:-1\" \/>\n<link rel=\"canonical\" href=\"https:\/\/www.estetika-eva.si\/?page_id=682\" \/>\n<meta property=\"og:locale\" content=\"en_US\" \/>\n<meta property=\"og:type\" content=\"article\" \/>\n<meta property=\"og:title\" content=\"Innofacial nega obraza - Estetika Eva\" \/>\n<meta property=\"og:description\" content=\"Innofacial nega obraza Innofacial je najmo\u010dnej\u0161i, neagresiven dermoabrazijski sistem v kozmeti\u010dni medicini, ki omogo\u010da intenzivno nego, globinsko \u010di\u0161\u010denje, hranjenje in za\u0161\u010ditno ko\u017ee na enem mestu. Revolucionarni sistem poskrbi za celovito globinsko regeneracijo ko\u017ee in vpliva na tvorbo novih ko\u017enih celic. Pri svojem delovanju uporabljamo dermatolo\u0161ko testirane serume in patentirano infusion soft ro\u010dko, s \u010dimer vam [&hellip;]\" \/>\n<meta property=\"og:url\" content=\"https:\/\/www.estetika-eva.si\/?page_id=682\" \/>\n<meta property=\"og:site_name\" content=\"Estetika Eva\" \/>\n<meta property=\"article:modified_time\" content=\"2026-03-06T15:26:41+00:00\" \/>\n<meta property=\"og:image\" content=\"https:\/\/www.estetika-eva.si\/wp-content\/uploads\/2025\/06\/Inno-scaled.jpg\" \/>\n\t<meta property=\"og:image:width\" content=\"2560\" \/>\n\t<meta property=\"og:image:height\" content=\"1707\" \/>\n\t<meta property=\"og:image:type\" content=\"image\/jpeg\" \/>\n<meta name=\"twitter:card\" content=\"summary_large_image\" \/>\n<meta name=\"twitter:label1\" content=\"Est. reading time\" \/>\n\t<meta name=\"twitter:data1\" content=\"1 minute\" \/>\n<script type=\"application\/ld+json\" class=\"yoast-schema-graph\">{\"@context\":\"https:\/\/schema.org\",\"@graph\":[{\"@type\":\"WebPage\",\"@id\":\"https:\/\/www.estetika-eva.si\/?page_id=682\",\"url\":\"https:\/\/www.estetika-eva.si\/?page_id=682\",\"name\":\"Innofacial nega obraza - Estetika Eva\",\"isPartOf\":{\"@id\":\"https:\/\/www.estetika-eva.si\/#website\"},\"primaryImageOfPage\":{\"@id\":\"https:\/\/www.estetika-eva.si\/?page_id=682#primaryimage\"},\"image\":{\"@id\":\"https:\/\/www.estetika-eva.si\/?page_id=682#primaryimage\"},\"thumbnailUrl\":\"https:\/\/www.estetika-eva.si\/wp-content\/uploads\/2025\/06\/Inno-1024x683.jpg\",\"datePublished\":\"2025-06-06T13:01:04+00:00\",\"dateModified\":\"2026-03-06T15:26:41+00:00\",\"breadcrumb\":{\"@id\":\"https:\/\/www.estetika-eva.si\/?page_id=682#breadcrumb\"},\"inLanguage\":\"en-US\",\"potentialAction\":[{\"@type\":\"ReadAction\",\"target\":[\"https:\/\/www.estetika-eva.si\/?page_id=682\"]}]},{\"@type\":\"ImageObject\",\"inLanguage\":\"en-US\",\"@id\":\"https:\/\/www.estetika-eva.si\/?page_id=682#primaryimage\",\"url\":\"https:\/\/www.estetika-eva.si\/wp-content\/uploads\/2025\/06\/Inno-scaled.jpg\",\"contentUrl\":\"https:\/\/www.estetika-eva.si\/wp-content\/uploads\/2025\/06\/Inno-scaled.jpg\",\"width\":2560,\"height\":1707},{\"@type\":\"BreadcrumbList\",\"@id\":\"https:\/\/www.estetika-eva.si\/?page_id=682#breadcrumb\",\"itemListElement\":[{\"@type\":\"ListItem\",\"position\":1,\"name\":\"Home\",\"item\":\"https:\/\/www.estetika-eva.si\/\"},{\"@type\":\"ListItem\",\"position\":2,\"name\":\"Innofacial nega obraza\"}]},{\"@type\":\"WebSite\",\"@id\":\"https:\/\/www.estetika-eva.si\/#website\",\"url\":\"https:\/\/www.estetika-eva.si\/\",\"name\":\"Estetika Eva\",\"description\":\"Estetika eva\",\"publisher\":{\"@id\":\"https:\/\/www.estetika-eva.si\/#organization\"},\"potentialAction\":[{\"@type\":\"SearchAction\",\"target\":{\"@type\":\"EntryPoint\",\"urlTemplate\":\"https:\/\/www.estetika-eva.si\/?s={search_term_string}\"},\"query-input\":{\"@type\":\"PropertyValueSpecification\",\"valueRequired\":true,\"valueName\":\"search_term_string\"}}],\"inLanguage\":\"en-US\"},{\"@type\":\"Organization\",\"@id\":\"https:\/\/www.estetika-eva.si\/#organization\",\"name\":\"Estetika Eva\",\"url\":\"https:\/\/www.estetika-eva.si\/\",\"logo\":{\"@type\":\"ImageObject\",\"inLanguage\":\"en-US\",\"@id\":\"https:\/\/www.estetika-eva.si\/#\/schema\/logo\/image\/\",\"url\":\"https:\/\/www.estetika-eva.si\/wp-content\/uploads\/2024\/12\/evaLogoMali.png\",\"contentUrl\":\"https:\/\/www.estetika-eva.si\/wp-content\/uploads\/2024\/12\/evaLogoMali.png\",\"width\":100,\"height\":100,\"caption\":\"Estetika Eva\"},\"image\":{\"@id\":\"https:\/\/www.estetika-eva.si\/#\/schema\/logo\/image\/\"}}]}<\/script>\n<!-- \/ Yoast SEO plugin. -->","yoast_head_json":{"title":"Innofacial nega obraza - Estetika Eva","robots":{"index":"index","follow":"follow","max-snippet":"max-snippet:-1","max-image-preview":"max-image-preview:large","max-video-preview":"max-video-preview:-1"},"canonical":"https:\/\/www.estetika-eva.si\/?page_id=682","og_locale":"en_US","og_type":"article","og_title":"Innofacial nega obraza - Estetika Eva","og_description":"Innofacial nega obraza Innofacial je najmo\u010dnej\u0161i, neagresiven dermoabrazijski sistem v kozmeti\u010dni medicini, ki omogo\u010da intenzivno nego, globinsko \u010di\u0161\u010denje, hranjenje in za\u0161\u010ditno ko\u017ee na enem mestu. Revolucionarni sistem poskrbi za celovito globinsko regeneracijo ko\u017ee in vpliva na tvorbo novih ko\u017enih celic. Pri svojem delovanju uporabljamo dermatolo\u0161ko testirane serume in patentirano infusion soft ro\u010dko, s \u010dimer vam [&hellip;]","og_url":"https:\/\/www.estetika-eva.si\/?page_id=682","og_site_name":"Estetika Eva","article_modified_time":"2026-03-06T15:26:41+00:00","og_image":[{"width":2560,"height":1707,"url":"https:\/\/www.estetika-eva.si\/wp-content\/uploads\/2025\/06\/Inno-scaled.jpg","type":"image\/jpeg"}],"twitter_card":"summary_large_image","twitter_misc":{"Est. reading time":"1 minute"},"schema":{"@context":"https:\/\/schema.org","@graph":[{"@type":"WebPage","@id":"https:\/\/www.estetika-eva.si\/?page_id=682","url":"https:\/\/www.estetika-eva.si\/?page_id=682","name":"Innofacial nega obraza - Estetika Eva","isPartOf":{"@id":"https:\/\/www.estetika-eva.si\/#website"},"primaryImageOfPage":{"@id":"https:\/\/www.estetika-eva.si\/?page_id=682#primaryimage"},"image":{"@id":"https:\/\/www.estetika-eva.si\/?page_id=682#primaryimage"},"thumbnailUrl":"https:\/\/www.estetika-eva.si\/wp-content\/uploads\/2025\/06\/Inno-1024x683.jpg","datePublished":"2025-06-06T13:01:04+00:00","dateModified":"2026-03-06T15:26:41+00:00","breadcrumb":{"@id":"https:\/\/www.estetika-eva.si\/?page_id=682#breadcrumb"},"inLanguage":"en-US","potentialAction":[{"@type":"ReadAction","target":["https:\/\/www.estetika-eva.si\/?page_id=682"]}]},{"@type":"ImageObject","inLanguage":"en-US","@id":"https:\/\/www.estetika-eva.si\/?page_id=682#primaryimage","url":"https:\/\/www.estetika-eva.si\/wp-content\/uploads\/2025\/06\/Inno-scaled.jpg","contentUrl":"https:\/\/www.estetika-eva.si\/wp-content\/uploads\/2025\/06\/Inno-scaled.jpg","width":2560,"height":1707},{"@type":"BreadcrumbList","@id":"https:\/\/www.estetika-eva.si\/?page_id=682#breadcrumb","itemListElement":[{"@type":"ListItem","position":1,"name":"Home","item":"https:\/\/www.estetika-eva.si\/"},{"@type":"ListItem","position":2,"name":"Innofacial nega obraza"}]},{"@type":"WebSite","@id":"https:\/\/www.estetika-eva.si\/#website","url":"https:\/\/www.estetika-eva.si\/","name":"Estetika Eva","description":"Estetika eva","publisher":{"@id":"https:\/\/www.estetika-eva.si\/#organization"},"potentialAction":[{"@type":"SearchAction","target":{"@type":"EntryPoint","urlTemplate":"https:\/\/www.estetika-eva.si\/?s={search_term_string}"},"query-input":{"@type":"PropertyValueSpecification","valueRequired":true,"valueName":"search_term_string"}}],"inLanguage":"en-US"},{"@type":"Organization","@id":"https:\/\/www.estetika-eva.si\/#organization","name":"Estetika Eva","url":"https:\/\/www.estetika-eva.si\/","logo":{"@type":"ImageObject","inLanguage":"en-US","@id":"https:\/\/www.estetika-eva.si\/#\/schema\/logo\/image\/","url":"https:\/\/www.estetika-eva.si\/wp-content\/uploads\/2024\/12\/evaLogoMali.png","contentUrl":"https:\/\/www.estetika-eva.si\/wp-content\/uploads\/2024\/12\/evaLogoMali.png","width":100,"height":100,"caption":"Estetika Eva"},"image":{"@id":"https:\/\/www.estetika-eva.si\/#\/schema\/logo\/image\/"}}]}},"_links":{"self":[{"href":"https:\/\/www.estetika-eva.si\/index.php?rest_route=\/wp\/v2\/pages\/682","targetHints":{"allow":["GET"]}}],"collection":[{"href":"https:\/\/www.estetika-eva.si\/index.php?rest_route=\/wp\/v2\/pages"}],"about":[{"href":"https:\/\/www.estetika-eva.si\/index.php?rest_route=\/wp\/v2\/types\/page"}],"author":[{"embeddable":true,"href":"https:\/\/www.estetika-eva.si\/index.php?rest_route=\/wp\/v2\/users\/1"}],"replies":[{"embeddable":true,"href":"https:\/\/www.estetika-eva.si\/index.php?rest_route=%2Fwp%2Fv2%2Fcomments&post=682"}],"version-history":[{"count":55,"href":"https:\/\/www.estetika-eva.si\/index.php?rest_route=\/wp\/v2\/pages\/682\/revisions"}],"predecessor-version":[{"id":1220,"href":"https:\/\/www.estetika-eva.si\/index.php?rest_route=\/wp\/v2\/pages\/682\/revisions\/1220"}],"wp:attachment":[{"href":"https:\/\/www.estetika-eva.si\/index.php?rest_route=%2Fwp%2Fv2%2Fmedia&parent=682"}],"curies":[{"name":"wp","href":"https:\/\/api.w.org\/{rel}","templated":true}]}}