{"id":397,"date":"2025-05-25T19:04:23","date_gmt":"2025-05-25T19:04:23","guid":{"rendered":"https:\/\/nova.estetika-eva.si\/?page_id=397"},"modified":"2026-03-06T15:52:07","modified_gmt":"2026-03-06T15:52:07","slug":"kontakt","status":"publish","type":"page","link":"https:\/\/www.estetika-eva.si\/?page_id=397","title":{"rendered":"Kontakt"},"content":{"rendered":"\t\t<div data-elementor-type=\"wp-page\" data-elementor-id=\"397\" class=\"elementor elementor-397\">\n\t\t\t\t<div class=\"elementor-element elementor-element-0bd9a18 e-con-full e-flex e-con e-parent\" data-id=\"0bd9a18\" data-element_type=\"container\" data-e-type=\"container\" data-settings=\"{&quot;background_background&quot;:&quot;classic&quot;}\">\n\t\t\t\t<div class=\"elementor-element elementor-element-871b3dc elementor-widget__width-inherit elementor-widget elementor-widget-google_maps\" data-id=\"871b3dc\" data-element_type=\"widget\" data-e-type=\"widget\" data-widget_type=\"google_maps.default\">\n\t\t\t\t<div class=\"elementor-widget-container\">\n\t\t\t\t\t\t\t<div class=\"elementor-custom-embed\">\n\t\t\t<iframe loading=\"lazy\"\n\t\t\t\t\tsrc=\"https:\/\/maps.google.com\/maps?q=%C5%A0olska%20ulica%202%2C%204220%20%C5%A0kofja%20Loka&#038;t=m&#038;z=18&#038;output=embed&#038;iwloc=near\"\n\t\t\t\t\ttitle=\"\u0160olska ulica 2, 4220 \u0160kofja Loka\"\n\t\t\t\t\taria-label=\"\u0160olska ulica 2, 4220 \u0160kofja Loka\"\n\t\t\t><\/iframe>\n\t\t<\/div>\n\t\t\t\t\t\t<\/div>\n\t\t\t\t<\/div>\n\t\t<div class=\"elementor-element elementor-element-820f873 e-grid e-con-boxed e-con e-child\" data-id=\"820f873\" data-element_type=\"container\" data-e-type=\"container\">\n\t\t\t\t\t<div class=\"e-con-inner\">\n\t\t\t\t<div class=\"elementor-element elementor-element-7e1c632 elementor-widget-divider--view-line_icon elementor-view-default elementor-widget-divider--element-align-center elementor-widget elementor-widget-divider\" data-id=\"7e1c632\" data-element_type=\"widget\" data-e-type=\"widget\" data-widget_type=\"divider.default\">\n\t\t\t\t<div class=\"elementor-widget-container\">\n\t\t\t\t\t\t\t<div class=\"elementor-divider\">\n\t\t\t<span class=\"elementor-divider-separator\">\n\t\t\t\t\t\t\t<div class=\"elementor-icon elementor-divider__element\">\n\t\t\t\t\t<svg aria-hidden=\"true\" class=\"e-font-icon-svg e-fas-map-marker-alt\" viewBox=\"0 0 384 512\" xmlns=\"http:\/\/www.w3.org\/2000\/svg\"><path d=\"M172.268 501.67C26.97 291.031 0 269.413 0 192 0 85.961 85.961 0 192 0s192 85.961 192 192c0 77.413-26.97 99.031-172.268 309.67-9.535 13.774-29.93 13.773-39.464 0zM192 272c44.183 0 80-35.817 80-80s-35.817-80-80-80-80 35.817-80 80 35.817 80 80 80z\"><\/path><\/svg><\/div>\n\t\t\t\t\t\t<\/span>\n\t\t<\/div>\n\t\t\t\t\t\t<\/div>\n\t\t\t\t<\/div>\n\t\t\t\t<div class=\"elementor-element elementor-element-d93e5b0 elementor-widget elementor-widget-text-editor\" data-id=\"d93e5b0\" data-element_type=\"widget\" data-e-type=\"widget\" data-widget_type=\"text-editor.default\">\n\t\t\t\t<div class=\"elementor-widget-container\">\n\t\t\t\t\t\t\t\t\t<p><strong>Estetika Eva<br \/>Eva Vidic S.P.<\/strong><\/p>\t\t\t\t\t\t\t\t<\/div>\n\t\t\t\t<\/div>\n\t\t\t\t<div class=\"elementor-element elementor-element-304df00 elementor-widget elementor-widget-text-editor\" data-id=\"304df00\" data-element_type=\"widget\" data-e-type=\"widget\" data-widget_type=\"text-editor.default\">\n\t\t\t\t<div class=\"elementor-widget-container\">\n\t\t\t\t\t\t\t\t\t<p><strong>\u0160olska ulica 2, 4220 \u0160kofja Loka<\/strong><\/p>\t\t\t\t\t\t\t\t<\/div>\n\t\t\t\t<\/div>\n\t\t\t\t<div class=\"elementor-element elementor-element-74e888e elementor-widget-divider--view-line_icon elementor-view-default elementor-widget-divider--element-align-center elementor-widget elementor-widget-divider\" data-id=\"74e888e\" data-element_type=\"widget\" data-e-type=\"widget\" data-widget_type=\"divider.default\">\n\t\t\t\t<div class=\"elementor-widget-container\">\n\t\t\t\t\t\t\t<div class=\"elementor-divider\">\n\t\t\t<span class=\"elementor-divider-separator\">\n\t\t\t\t\t\t\t<div class=\"elementor-icon elementor-divider__element\">\n\t\t\t\t\t<svg aria-hidden=\"true\" class=\"e-font-icon-svg e-fas-ellipsis-h\" viewBox=\"0 0 512 512\" xmlns=\"http:\/\/www.w3.org\/2000\/svg\"><path d=\"M328 256c0 39.8-32.2 72-72 72s-72-32.2-72-72 32.2-72 72-72 72 32.2 72 72zm104-72c-39.8 0-72 32.2-72 72s32.2 72 72 72 72-32.2 72-72-32.2-72-72-72zm-352 0c-39.8 0-72 32.2-72 72s32.2 72 72 72 72-32.2 72-72-32.2-72-72-72z\"><\/path><\/svg><\/div>\n\t\t\t\t\t\t<\/span>\n\t\t<\/div>\n\t\t\t\t\t\t<\/div>\n\t\t\t\t<\/div>\n\t\t\t\t<div class=\"elementor-element elementor-element-156295b elementor-view-stacked elementor-shape-circle elementor-position-block-start elementor-mobile-position-block-start elementor-widget elementor-widget-icon-box\" data-id=\"156295b\" data-element_type=\"widget\" data-e-type=\"widget\" data-widget_type=\"icon-box.default\">\n\t\t\t\t<div class=\"elementor-widget-container\">\n\t\t\t\t\t\t\t<div class=\"elementor-icon-box-wrapper\">\n\n\t\t\t\t\t\t<div class=\"elementor-icon-box-icon\">\n\t\t\t\t<span  class=\"elementor-icon\">\n\t\t\t\t<svg aria-hidden=\"true\" class=\"e-font-icon-svg e-fas-user-clock\" viewBox=\"0 0 640 512\" xmlns=\"http:\/\/www.w3.org\/2000\/svg\"><path d=\"M496 224c-79.6 0-144 64.4-144 144s64.4 144 144 144 144-64.4 144-144-64.4-144-144-144zm64 150.3c0 5.3-4.4 9.7-9.7 9.7h-60.6c-5.3 0-9.7-4.4-9.7-9.7v-76.6c0-5.3 4.4-9.7 9.7-9.7h12.6c5.3 0 9.7 4.4 9.7 9.7V352h38.3c5.3 0 9.7 4.4 9.7 9.7v12.6zM320 368c0-27.8 6.7-54.1 18.2-77.5-8-1.5-16.2-2.5-24.6-2.5h-16.7c-22.2 10.2-46.9 16-72.9 16s-50.6-5.8-72.9-16h-16.7C60.2 288 0 348.2 0 422.4V464c0 26.5 21.5 48 48 48h347.1c-45.3-31.9-75.1-84.5-75.1-144zm-96-112c70.7 0 128-57.3 128-128S294.7 0 224 0 96 57.3 96 128s57.3 128 128 128z\"><\/path><\/svg>\t\t\t\t<\/span>\n\t\t\t<\/div>\n\t\t\t\n\t\t\t\t\t\t<div class=\"elementor-icon-box-content\">\n\n\t\t\t\t\t\t\t\t\t<h3 class=\"elementor-icon-box-title\">\n\t\t\t\t\t\t<span  >\n\t\t\t\t\t\t\tDelovni \u010cas\t\t\t\t\t\t<\/span>\n\t\t\t\t\t<\/h3>\n\t\t\t\t\n\t\t\t\t\t\t\t\t\t<p class=\"elementor-icon-box-description\">\n\t\t\t\t\t\tPonedeljek: 12:00 - 20:00 <\/br>\nTorek: 7:00 - 15:00<\/br>\nSreda: 12:00 - 20:00<\/br>\n\u010cetrtek: 8:00 - 20:00<\/br>\nPetek: 7:00 - 15:00<\/br>\nSobota: po dogovoru<\/br>\nNedelja: ZAPRTO<br>\t\t\t\t\t<\/p>\n\t\t\t\t\n\t\t\t<\/div>\n\t\t\t\n\t\t<\/div>\n\t\t\t\t\t\t<\/div>\n\t\t\t\t<\/div>\n\t\t\t\t<div class=\"elementor-element elementor-element-c7c4381 elementor-widget-divider--view-line_icon elementor-view-default elementor-widget-divider--element-align-center elementor-widget elementor-widget-divider\" data-id=\"c7c4381\" data-element_type=\"widget\" data-e-type=\"widget\" data-widget_type=\"divider.default\">\n\t\t\t\t<div class=\"elementor-widget-container\">\n\t\t\t\t\t\t\t<div class=\"elementor-divider\">\n\t\t\t<span class=\"elementor-divider-separator\">\n\t\t\t\t\t\t\t<div class=\"elementor-icon elementor-divider__element\">\n\t\t\t\t\t<svg aria-hidden=\"true\" class=\"e-font-icon-svg e-fas-ellipsis-h\" viewBox=\"0 0 512 512\" xmlns=\"http:\/\/www.w3.org\/2000\/svg\"><path d=\"M328 256c0 39.8-32.2 72-72 72s-72-32.2-72-72 32.2-72 72-72 72 32.2 72 72zm104-72c-39.8 0-72 32.2-72 72s32.2 72 72 72 72-32.2 72-72-32.2-72-72-72zm-352 0c-39.8 0-72 32.2-72 72s32.2 72 72 72 72-32.2 72-72-32.2-72-72-72z\"><\/path><\/svg><\/div>\n\t\t\t\t\t\t<\/span>\n\t\t<\/div>\n\t\t\t\t\t\t<\/div>\n\t\t\t\t<\/div>\n\t\t<div class=\"elementor-element elementor-element-5c97537 e-grid e-con-full e-con e-child\" data-id=\"5c97537\" data-element_type=\"container\" data-e-type=\"container\">\n\t\t\t\t<div class=\"elementor-element elementor-element-4817655 elementor-widget elementor-widget-image\" data-id=\"4817655\" data-element_type=\"widget\" data-e-type=\"widget\" data-widget_type=\"image.default\">\n\t\t\t\t<div class=\"elementor-widget-container\">\n\t\t\t\t\t\t\t\t\t\t\t\t\t\t\t\t<a href=\"https:\/\/www.facebook.com\/KozmeticniInFrizerskiSalonEva\/?locale=sl_SI\" target=\"_blank\">\n\t\t\t\t\t\t\t<img decoding=\"async\" width=\"150\" height=\"150\" src=\"https:\/\/www.estetika-eva.si\/wp-content\/uploads\/2026\/03\/FB-150x150.png\" class=\"attachment-thumbnail size-thumbnail wp-image-1172\" alt=\"\" srcset=\"https:\/\/www.estetika-eva.si\/wp-content\/uploads\/2026\/03\/FB-150x150.png 150w, https:\/\/www.estetika-eva.si\/wp-content\/uploads\/2026\/03\/FB-300x300.png 300w, https:\/\/www.estetika-eva.si\/wp-content\/uploads\/2026\/03\/FB.png 350w\" sizes=\"(max-width: 150px) 100vw, 150px\" \/>\t\t\t\t\t\t\t\t<\/a>\n\t\t\t\t\t\t\t\t\t\t\t\t\t\t\t<\/div>\n\t\t\t\t<\/div>\n\t\t\t\t<div class=\"elementor-element elementor-element-5176a01 elementor-widget elementor-widget-image\" data-id=\"5176a01\" data-element_type=\"widget\" data-e-type=\"widget\" data-widget_type=\"image.default\">\n\t\t\t\t<div class=\"elementor-widget-container\">\n\t\t\t\t\t\t\t\t\t\t\t\t\t\t\t\t<a href=\"https:\/\/www.instagram.com\/salon_eva_sp\/\" target=\"_blank\">\n\t\t\t\t\t\t\t<img decoding=\"async\" width=\"150\" height=\"150\" src=\"https:\/\/www.estetika-eva.si\/wp-content\/uploads\/2026\/03\/insta-150x150.png\" class=\"attachment-thumbnail size-thumbnail wp-image-1171\" alt=\"\" srcset=\"https:\/\/www.estetika-eva.si\/wp-content\/uploads\/2026\/03\/insta-150x150.png 150w, https:\/\/www.estetika-eva.si\/wp-content\/uploads\/2026\/03\/insta-300x300.png 300w, https:\/\/www.estetika-eva.si\/wp-content\/uploads\/2026\/03\/insta.png 350w\" sizes=\"(max-width: 150px) 100vw, 150px\" \/>\t\t\t\t\t\t\t\t<\/a>\n\t\t\t\t\t\t\t\t\t\t\t\t\t\t\t<\/div>\n\t\t\t\t<\/div>\n\t\t\t\t<div class=\"elementor-element elementor-element-9a25f5d elementor-align-center elementor-icon-list--layout-traditional elementor-list-item-link-full_width elementor-widget elementor-widget-icon-list\" data-id=\"9a25f5d\" data-element_type=\"widget\" data-e-type=\"widget\" data-widget_type=\"icon-list.default\">\n\t\t\t\t<div class=\"elementor-widget-container\">\n\t\t\t\t\t\t\t<ul class=\"elementor-icon-list-items\">\n\t\t\t\t\t\t\t<li class=\"elementor-icon-list-item\">\n\t\t\t\t\t\t\t\t\t\t\t<span class=\"elementor-icon-list-icon\">\n\t\t\t\t\t\t\t<svg aria-hidden=\"true\" class=\"e-font-icon-svg e-fas-phone-alt\" viewBox=\"0 0 512 512\" xmlns=\"http:\/\/www.w3.org\/2000\/svg\"><path d=\"M497.39 361.8l-112-48a24 24 0 0 0-28 6.9l-49.6 60.6A370.66 370.66 0 0 1 130.6 204.11l60.6-49.6a23.94 23.94 0 0 0 6.9-28l-48-112A24.16 24.16 0 0 0 122.6.61l-104 24A24 24 0 0 0 0 48c0 256.5 207.9 464 464 464a24 24 0 0 0 23.4-18.6l24-104a24.29 24.29 0 0 0-14.01-27.6z\"><\/path><\/svg>\t\t\t\t\t\t<\/span>\n\t\t\t\t\t\t\t\t\t\t<span class=\"elementor-icon-list-text\">040 412 050<\/span>\n\t\t\t\t\t\t\t\t\t<\/li>\n\t\t\t\t\t\t<\/ul>\n\t\t\t\t\t\t<\/div>\n\t\t\t\t<\/div>\n\t\t\t\t<\/div>\n\t\t\t\t<div class=\"elementor-element elementor-element-e77aa3b elementor-align-center floating elementor-widget elementor-widget-button\" data-id=\"e77aa3b\" data-element_type=\"widget\" data-e-type=\"widget\" id=\"floating\" data-widget_type=\"button.default\">\n\t\t\t\t<div class=\"elementor-widget-container\">\n\t\t\t\t\t\t\t\t\t<div class=\"elementor-button-wrapper\">\n\t\t\t\t\t<a class=\"elementor-button elementor-button-link elementor-size-sm elementor-animation-grow\" href=\"https:\/\/form.lime-booking.com\/sl\/estetika_eva\/service\" target=\"_blank\" id=\"floating\">\n\t\t\t\t\t\t<span class=\"elementor-button-content-wrapper\">\n\t\t\t\t\t\t\t\t\t<span class=\"elementor-button-text\">NARO\u010cI SE<\/span>\n\t\t\t\t\t<\/span>\n\t\t\t\t\t<\/a>\n\t\t\t\t<\/div>\n\t\t\t\t\t\t\t\t<\/div>\n\t\t\t\t<\/div>\n\t\t\t\t\t<\/div>\n\t\t\t\t<\/div>\n\t\t\t\t<\/div>\n\t\t\t\t<\/div>\n\t\t","protected":false},"excerpt":{"rendered":"<p>Estetika EvaEva Vidic S.P. \u0160olska ulica 2, 4220 \u0160kofja Loka Delovni \u010cas Ponedeljek: 12:00 &#8211; 20:00 Torek: 7:00 &#8211; 15:00 Sreda: 12:00 &#8211; 20:00 \u010cetrtek: 8:00 &#8211; 20:00 Petek: 7:00 &#8211; 15:00 Sobota: po dogovoru Nedelja: ZAPRTO 040 412 050 NARO\u010cI SE<\/p>\n","protected":false},"author":1,"featured_media":0,"parent":0,"menu_order":0,"comment_status":"closed","ping_status":"closed","template":"","meta":{"footnotes":""},"class_list":["post-397","page","type-page","status-publish","hentry"],"yoast_head":"<!-- This site is optimized with the Yoast SEO plugin v27.1.1 - https:\/\/yoast.com\/product\/yoast-seo-wordpress\/ -->\n<title>Kontakt - Estetika Eva<\/title>\n<meta name=\"robots\" content=\"index, follow, max-snippet:-1, max-image-preview:large, max-video-preview:-1\" \/>\n<link rel=\"canonical\" href=\"https:\/\/www.estetika-eva.si\/?page_id=397\" \/>\n<meta property=\"og:locale\" content=\"en_US\" \/>\n<meta property=\"og:type\" content=\"article\" \/>\n<meta property=\"og:title\" content=\"Kontakt - Estetika Eva\" \/>\n<meta property=\"og:description\" content=\"Estetika EvaEva Vidic S.P. \u0160olska ulica 2, 4220 \u0160kofja Loka Delovni \u010cas Ponedeljek: 12:00 &#8211; 20:00 Torek: 7:00 &#8211; 15:00 Sreda: 12:00 &#8211; 20:00 \u010cetrtek: 8:00 &#8211; 20:00 Petek: 7:00 &#8211; 15:00 Sobota: po dogovoru Nedelja: ZAPRTO 040 412 050 NARO\u010cI SE\" \/>\n<meta property=\"og:url\" content=\"https:\/\/www.estetika-eva.si\/?page_id=397\" \/>\n<meta property=\"og:site_name\" content=\"Estetika Eva\" \/>\n<meta property=\"article:modified_time\" content=\"2026-03-06T15:52:07+00:00\" \/>\n<meta property=\"og:image\" content=\"https:\/\/www.estetika-eva.si\/wp-content\/uploads\/2026\/03\/FB.png\" \/>\n\t<meta property=\"og:image:width\" content=\"350\" \/>\n\t<meta property=\"og:image:height\" content=\"350\" \/>\n\t<meta property=\"og:image:type\" content=\"image\/png\" \/>\n<meta name=\"twitter:card\" content=\"summary_large_image\" \/>\n<meta name=\"twitter:label1\" content=\"Est. reading time\" \/>\n\t<meta name=\"twitter:data1\" content=\"1 minute\" \/>\n<script type=\"application\/ld+json\" class=\"yoast-schema-graph\">{\"@context\":\"https:\/\/schema.org\",\"@graph\":[{\"@type\":\"WebPage\",\"@id\":\"https:\/\/www.estetika-eva.si\/?page_id=397\",\"url\":\"https:\/\/www.estetika-eva.si\/?page_id=397\",\"name\":\"Kontakt - Estetika Eva\",\"isPartOf\":{\"@id\":\"https:\/\/www.estetika-eva.si\/#website\"},\"primaryImageOfPage\":{\"@id\":\"https:\/\/www.estetika-eva.si\/?page_id=397#primaryimage\"},\"image\":{\"@id\":\"https:\/\/www.estetika-eva.si\/?page_id=397#primaryimage\"},\"thumbnailUrl\":\"https:\/\/www.estetika-eva.si\/wp-content\/uploads\/2026\/03\/FB-150x150.png\",\"datePublished\":\"2025-05-25T19:04:23+00:00\",\"dateModified\":\"2026-03-06T15:52:07+00:00\",\"breadcrumb\":{\"@id\":\"https:\/\/www.estetika-eva.si\/?page_id=397#breadcrumb\"},\"inLanguage\":\"en-US\",\"potentialAction\":[{\"@type\":\"ReadAction\",\"target\":[\"https:\/\/www.estetika-eva.si\/?page_id=397\"]}]},{\"@type\":\"ImageObject\",\"inLanguage\":\"en-US\",\"@id\":\"https:\/\/www.estetika-eva.si\/?page_id=397#primaryimage\",\"url\":\"https:\/\/www.estetika-eva.si\/wp-content\/uploads\/2026\/03\/FB.png\",\"contentUrl\":\"https:\/\/www.estetika-eva.si\/wp-content\/uploads\/2026\/03\/FB.png\",\"width\":350,\"height\":350},{\"@type\":\"BreadcrumbList\",\"@id\":\"https:\/\/www.estetika-eva.si\/?page_id=397#breadcrumb\",\"itemListElement\":[{\"@type\":\"ListItem\",\"position\":1,\"name\":\"Home\",\"item\":\"https:\/\/www.estetika-eva.si\/\"},{\"@type\":\"ListItem\",\"position\":2,\"name\":\"Kontakt\"}]},{\"@type\":\"WebSite\",\"@id\":\"https:\/\/www.estetika-eva.si\/#website\",\"url\":\"https:\/\/www.estetika-eva.si\/\",\"name\":\"Estetika Eva\",\"description\":\"Estetika eva\",\"publisher\":{\"@id\":\"https:\/\/www.estetika-eva.si\/#organization\"},\"potentialAction\":[{\"@type\":\"SearchAction\",\"target\":{\"@type\":\"EntryPoint\",\"urlTemplate\":\"https:\/\/www.estetika-eva.si\/?s={search_term_string}\"},\"query-input\":{\"@type\":\"PropertyValueSpecification\",\"valueRequired\":true,\"valueName\":\"search_term_string\"}}],\"inLanguage\":\"en-US\"},{\"@type\":\"Organization\",\"@id\":\"https:\/\/www.estetika-eva.si\/#organization\",\"name\":\"Estetika Eva\",\"url\":\"https:\/\/www.estetika-eva.si\/\",\"logo\":{\"@type\":\"ImageObject\",\"inLanguage\":\"en-US\",\"@id\":\"https:\/\/www.estetika-eva.si\/#\/schema\/logo\/image\/\",\"url\":\"https:\/\/www.estetika-eva.si\/wp-content\/uploads\/2024\/12\/evaLogoMali.png\",\"contentUrl\":\"https:\/\/www.estetika-eva.si\/wp-content\/uploads\/2024\/12\/evaLogoMali.png\",\"width\":100,\"height\":100,\"caption\":\"Estetika Eva\"},\"image\":{\"@id\":\"https:\/\/www.estetika-eva.si\/#\/schema\/logo\/image\/\"}}]}<\/script>\n<!-- \/ Yoast SEO plugin. -->","yoast_head_json":{"title":"Kontakt - Estetika Eva","robots":{"index":"index","follow":"follow","max-snippet":"max-snippet:-1","max-image-preview":"max-image-preview:large","max-video-preview":"max-video-preview:-1"},"canonical":"https:\/\/www.estetika-eva.si\/?page_id=397","og_locale":"en_US","og_type":"article","og_title":"Kontakt - Estetika Eva","og_description":"Estetika EvaEva Vidic S.P. \u0160olska ulica 2, 4220 \u0160kofja Loka Delovni \u010cas Ponedeljek: 12:00 &#8211; 20:00 Torek: 7:00 &#8211; 15:00 Sreda: 12:00 &#8211; 20:00 \u010cetrtek: 8:00 &#8211; 20:00 Petek: 7:00 &#8211; 15:00 Sobota: po dogovoru Nedelja: ZAPRTO 040 412 050 NARO\u010cI SE","og_url":"https:\/\/www.estetika-eva.si\/?page_id=397","og_site_name":"Estetika Eva","article_modified_time":"2026-03-06T15:52:07+00:00","og_image":[{"width":350,"height":350,"url":"https:\/\/www.estetika-eva.si\/wp-content\/uploads\/2026\/03\/FB.png","type":"image\/png"}],"twitter_card":"summary_large_image","twitter_misc":{"Est. reading time":"1 minute"},"schema":{"@context":"https:\/\/schema.org","@graph":[{"@type":"WebPage","@id":"https:\/\/www.estetika-eva.si\/?page_id=397","url":"https:\/\/www.estetika-eva.si\/?page_id=397","name":"Kontakt - Estetika Eva","isPartOf":{"@id":"https:\/\/www.estetika-eva.si\/#website"},"primaryImageOfPage":{"@id":"https:\/\/www.estetika-eva.si\/?page_id=397#primaryimage"},"image":{"@id":"https:\/\/www.estetika-eva.si\/?page_id=397#primaryimage"},"thumbnailUrl":"https:\/\/www.estetika-eva.si\/wp-content\/uploads\/2026\/03\/FB-150x150.png","datePublished":"2025-05-25T19:04:23+00:00","dateModified":"2026-03-06T15:52:07+00:00","breadcrumb":{"@id":"https:\/\/www.estetika-eva.si\/?page_id=397#breadcrumb"},"inLanguage":"en-US","potentialAction":[{"@type":"ReadAction","target":["https:\/\/www.estetika-eva.si\/?page_id=397"]}]},{"@type":"ImageObject","inLanguage":"en-US","@id":"https:\/\/www.estetika-eva.si\/?page_id=397#primaryimage","url":"https:\/\/www.estetika-eva.si\/wp-content\/uploads\/2026\/03\/FB.png","contentUrl":"https:\/\/www.estetika-eva.si\/wp-content\/uploads\/2026\/03\/FB.png","width":350,"height":350},{"@type":"BreadcrumbList","@id":"https:\/\/www.estetika-eva.si\/?page_id=397#breadcrumb","itemListElement":[{"@type":"ListItem","position":1,"name":"Home","item":"https:\/\/www.estetika-eva.si\/"},{"@type":"ListItem","position":2,"name":"Kontakt"}]},{"@type":"WebSite","@id":"https:\/\/www.estetika-eva.si\/#website","url":"https:\/\/www.estetika-eva.si\/","name":"Estetika Eva","description":"Estetika eva","publisher":{"@id":"https:\/\/www.estetika-eva.si\/#organization"},"potentialAction":[{"@type":"SearchAction","target":{"@type":"EntryPoint","urlTemplate":"https:\/\/www.estetika-eva.si\/?s={search_term_string}"},"query-input":{"@type":"PropertyValueSpecification","valueRequired":true,"valueName":"search_term_string"}}],"inLanguage":"en-US"},{"@type":"Organization","@id":"https:\/\/www.estetika-eva.si\/#organization","name":"Estetika Eva","url":"https:\/\/www.estetika-eva.si\/","logo":{"@type":"ImageObject","inLanguage":"en-US","@id":"https:\/\/www.estetika-eva.si\/#\/schema\/logo\/image\/","url":"https:\/\/www.estetika-eva.si\/wp-content\/uploads\/2024\/12\/evaLogoMali.png","contentUrl":"https:\/\/www.estetika-eva.si\/wp-content\/uploads\/2024\/12\/evaLogoMali.png","width":100,"height":100,"caption":"Estetika Eva"},"image":{"@id":"https:\/\/www.estetika-eva.si\/#\/schema\/logo\/image\/"}}]}},"_links":{"self":[{"href":"https:\/\/www.estetika-eva.si\/index.php?rest_route=\/wp\/v2\/pages\/397","targetHints":{"allow":["GET"]}}],"collection":[{"href":"https:\/\/www.estetika-eva.si\/index.php?rest_route=\/wp\/v2\/pages"}],"about":[{"href":"https:\/\/www.estetika-eva.si\/index.php?rest_route=\/wp\/v2\/types\/page"}],"author":[{"embeddable":true,"href":"https:\/\/www.estetika-eva.si\/index.php?rest_route=\/wp\/v2\/users\/1"}],"replies":[{"embeddable":true,"href":"https:\/\/www.estetika-eva.si\/index.php?rest_route=%2Fwp%2Fv2%2Fcomments&post=397"}],"version-history":[{"count":128,"href":"https:\/\/www.estetika-eva.si\/index.php?rest_route=\/wp\/v2\/pages\/397\/revisions"}],"predecessor-version":[{"id":1250,"href":"https:\/\/www.estetika-eva.si\/index.php?rest_route=\/wp\/v2\/pages\/397\/revisions\/1250"}],"wp:attachment":[{"href":"https:\/\/www.estetika-eva.si\/index.php?rest_route=%2Fwp%2Fv2%2Fmedia&parent=397"}],"curies":[{"name":"wp","href":"https:\/\/api.w.org\/{rel}","templated":true}]}}